{"id":45343,"date":"2025-07-18T15:22:11","date_gmt":"2025-07-18T13:22:11","guid":{"rendered":"https:\/\/publimag.es\/producto\/epiro\/"},"modified":"2025-07-18T15:24:00","modified_gmt":"2025-07-18T13:24:00","slug":"epiro","status":"publish","type":"product","link":"https:\/\/publimag.es\/en\/product\/epiro\/","title":{"rendered":"Epirus"},"content":{"rendered":"<p>Raglan-sleeved sweatshirt with a brushed interior, a half-zip collar, and matching reinforced seam covers. 1x1 ribbed back of the neck, cuffs, and hem.<br \/>\n<br \/>Composition: 100% polyester, 200 g\/m\u00b2.<br \/>Comments: Sweatshirt to combine with NEAPOLIS pants.<br \/>\n*Removable label.<br \/>\n*Technical fabric.<br \/>\n*Catalog duration 3 years.<br \/><img decoding=\"async\" src=\"https:\/\/static.gorfactory.es\/pics\/measures\/SU_HO.jpg\"><\/p>","protected":false},"excerpt":{"rendered":"<p>Sudadera de manga rangl\u00e1n, con Interior perchado, cuello con media cremallera y cubrecosturas de refuerzo en su interior a tono. Parte posterior del cuello, pu\u00f1os y bajo en canal\u00e9 1&#215;1. Composici\u00f3n: 100% poli\u00e9ster, 200 g\/m\u00b2.Observaciones: Sudadera para combinar con pantal\u00f3n NEAPOLIS. *Etiqueta removible. *Tejido t\u00e9cnico. *Duraci\u00f3n en cat\u00e1logo 3 a\u00f1os.<\/p>","protected":false},"featured_media":45344,"comment_status":"open","ping_status":"closed","template":"","meta":[],"product_brand":[],"product_cat":[33,25,760,38],"product_tag":[],"class_list":{"0":"post-45343","1":"product","2":"type-product","3":"status-publish","4":"has-post-thumbnail","6":"product_cat-chnd","7":"product_cat-sports","8":"product_cat-winter_sweatshirts","9":"product_cat-wint_sp","11":"first","12":"instock","13":"shipping-taxable","14":"purchasable","15":"product-type-variable"},"_links":{"self":[{"href":"https:\/\/publimag.es\/en\/wp-json\/wp\/v2\/product\/45343","targetHints":{"allow":["GET"]}}],"collection":[{"href":"https:\/\/publimag.es\/en\/wp-json\/wp\/v2\/product"}],"about":[{"href":"https:\/\/publimag.es\/en\/wp-json\/wp\/v2\/types\/product"}],"replies":[{"embeddable":true,"href":"https:\/\/publimag.es\/en\/wp-json\/wp\/v2\/comments?post=45343"}],"wp:featuredmedia":[{"embeddable":true,"href":"https:\/\/publimag.es\/en\/wp-json\/wp\/v2\/media\/45344"}],"wp:attachment":[{"href":"https:\/\/publimag.es\/en\/wp-json\/wp\/v2\/media?parent=45343"}],"wp:term":[{"taxonomy":"product_brand","embeddable":true,"href":"https:\/\/publimag.es\/en\/wp-json\/wp\/v2\/product_brand?post=45343"},{"taxonomy":"product_cat","embeddable":true,"href":"https:\/\/publimag.es\/en\/wp-json\/wp\/v2\/product_cat?post=45343"},{"taxonomy":"product_tag","embeddable":true,"href":"https:\/\/publimag.es\/en\/wp-json\/wp\/v2\/product_tag?post=45343"}],"curies":[{"name":"wp","href":"https:\/\/api.w.org\/{rel}","templated":true}]}}