{"id":45444,"date":"2025-07-18T15:24:00","date_gmt":"2025-07-18T13:24:00","guid":{"rendered":"https:\/\/publimag.es\/producto\/teleno\/"},"modified":"2025-07-18T15:24:40","modified_gmt":"2025-07-18T13:24:40","slug":"teleno","status":"publish","type":"product","link":"https:\/\/publimag.es\/en\/product\/teleno\/","title":{"rendered":"TELENO"},"content":{"rendered":"<p>Sudadera de algod\u00f3n con dise\u00f1o cl\u00e1sico, y felpa perchada en el interior. Cuellos, pu\u00f1os y bajo con canal\u00e9 1&#215;1. Cubrecosturas reforzado en el interior del cuello. <br \/>Composici\u00f3n: 100% algod\u00f3n, 320 g\/m\u00b2. <br \/>Remarks: *Removable label. <br \/><img decoding=\"async\" src=\"https:\/\/static.gorfactory.es\/pics\/measures\/SU_HO.jpg\"><\/p>","protected":false},"excerpt":{"rendered":"<p>Sudadera de algod\u00f3n con dise\u00f1o cl\u00e1sico, y felpa perchada en el interior. Cuellos, pu\u00f1os y bajo con canal\u00e9 1&#215;1. Cubrecosturas reforzado en el interior del cuello. Composici\u00f3n: 100% algod\u00f3n, 320 g\/m\u00b2. Observaciones: *Etiqueta removible.<\/p>","protected":false},"featured_media":45445,"comment_status":"open","ping_status":"closed","template":"","meta":[],"product_brand":[],"product_cat":[39,49,48,51,37],"product_tag":[],"class_list":{"0":"post-45444","1":"product","2":"type-product","3":"status-publish","4":"has-post-thumbnail","6":"product_cat-basic","7":"product_cat-swe","8":"product_cat-sud_cha","9":"product_cat-swe_sh","10":"product_cat-workwear","12":"first","13":"instock","14":"shipping-taxable","15":"purchasable","16":"product-type-variable"},"_links":{"self":[{"href":"https:\/\/publimag.es\/en\/wp-json\/wp\/v2\/product\/45444","targetHints":{"allow":["GET"]}}],"collection":[{"href":"https:\/\/publimag.es\/en\/wp-json\/wp\/v2\/product"}],"about":[{"href":"https:\/\/publimag.es\/en\/wp-json\/wp\/v2\/types\/product"}],"replies":[{"embeddable":true,"href":"https:\/\/publimag.es\/en\/wp-json\/wp\/v2\/comments?post=45444"}],"wp:featuredmedia":[{"embeddable":true,"href":"https:\/\/publimag.es\/en\/wp-json\/wp\/v2\/media\/45445"}],"wp:attachment":[{"href":"https:\/\/publimag.es\/en\/wp-json\/wp\/v2\/media?parent=45444"}],"wp:term":[{"taxonomy":"product_brand","embeddable":true,"href":"https:\/\/publimag.es\/en\/wp-json\/wp\/v2\/product_brand?post=45444"},{"taxonomy":"product_cat","embeddable":true,"href":"https:\/\/publimag.es\/en\/wp-json\/wp\/v2\/product_cat?post=45444"},{"taxonomy":"product_tag","embeddable":true,"href":"https:\/\/publimag.es\/en\/wp-json\/wp\/v2\/product_tag?post=45444"}],"curies":[{"name":"wp","href":"https:\/\/api.w.org\/{rel}","templated":true}]}}