{"id":45669,"date":"2025-07-18T15:29:12","date_gmt":"2025-07-18T13:29:12","guid":{"rendered":"https:\/\/publimag.es\/producto\/maverick\/"},"modified":"2025-07-18T15:29:58","modified_gmt":"2025-07-18T13:29:58","slug":"maverick","status":"publish","type":"product","link":"https:\/\/publimag.es\/en\/product\/maverick\/","title":{"rendered":"MAVERICK"},"content":{"rendered":"<p>Half-zip, high-neck sweatshirt in mixed colors<br \/>\n\u00b7 Reinforced seam covers on the inside of the neck.<br \/>\n\u00b7 Contrasting shoulder pieces and details.<br \/>\n\u00b7 Half of the cuff and bottom in 1\u00d71 rib knit. <br \/>Composition: 50% cotton \/ 50% polyester, brushed fleece, 280 g\/m\u00b2.<br \/>Remarks: * Removable label. <br \/><img decoding=\"async\" src=\"https:\/\/static.gorfactory.es\/pics\/measures\/SU_HO.jpg\"><\/p>","protected":false},"excerpt":{"rendered":"<p>Sudadera de media cremallera y cuello alto en colores combinados \u00b7 Cubre costuras reforzado en el interior del cuello. \u00b7 Piezas de hombros y detalles a contraste. \u00b7 Mitad del pu\u00f1o y bajo en punto canal\u00e9 1&#215;1. Composici\u00f3n: 50% algod\u00f3n \/ 50% poli\u00e9ster, felpa perchada, 280 g\/m\u00b2.Observaciones: * Etiqueta removible.<\/p>","protected":false},"featured_media":45670,"comment_status":"open","ping_status":"closed","template":"","meta":[],"product_brand":[],"product_cat":[66,37],"product_tag":[],"class_list":{"0":"post-45669","1":"product","2":"type-product","3":"status-publish","4":"has-post-thumbnail","6":"product_cat-industry_services","7":"product_cat-workwear","9":"first","10":"instock","11":"shipping-taxable","12":"purchasable","13":"product-type-variable"},"_links":{"self":[{"href":"https:\/\/publimag.es\/en\/wp-json\/wp\/v2\/product\/45669","targetHints":{"allow":["GET"]}}],"collection":[{"href":"https:\/\/publimag.es\/en\/wp-json\/wp\/v2\/product"}],"about":[{"href":"https:\/\/publimag.es\/en\/wp-json\/wp\/v2\/types\/product"}],"replies":[{"embeddable":true,"href":"https:\/\/publimag.es\/en\/wp-json\/wp\/v2\/comments?post=45669"}],"wp:featuredmedia":[{"embeddable":true,"href":"https:\/\/publimag.es\/en\/wp-json\/wp\/v2\/media\/45670"}],"wp:attachment":[{"href":"https:\/\/publimag.es\/en\/wp-json\/wp\/v2\/media?parent=45669"}],"wp:term":[{"taxonomy":"product_brand","embeddable":true,"href":"https:\/\/publimag.es\/en\/wp-json\/wp\/v2\/product_brand?post=45669"},{"taxonomy":"product_cat","embeddable":true,"href":"https:\/\/publimag.es\/en\/wp-json\/wp\/v2\/product_cat?post=45669"},{"taxonomy":"product_tag","embeddable":true,"href":"https:\/\/publimag.es\/en\/wp-json\/wp\/v2\/product_tag?post=45669"}],"curies":[{"name":"wp","href":"https:\/\/api.w.org\/{rel}","templated":true}]}}