{"id":45713,"date":"2025-07-18T15:30:11","date_gmt":"2025-07-18T13:30:11","guid":{"rendered":"https:\/\/publimag.es\/producto\/interlock-pointel-poliester-140-gsm\/"},"modified":"2025-07-18T15:30:18","modified_gmt":"2025-07-18T13:30:18","slug":"interlock-pointel-poliester-140-gsm","status":"publish","type":"product","link":"https:\/\/publimag.es\/en\/product\/interlock-pointel-poliester-140-gsm\/","title":{"rendered":"INTERLOCK POINTEL POLYESTER 140 GSM"},"content":{"rendered":"<p>White polyester fabric, 149 cm wide. This fabric is ideal for technical and sportswear. It features a microperforated pattern on one side. It is a very lightweight fabric with movement and drape, and is very easy to clean. Yields 5.15 m\/kg. Suitable for sublimation and accepts screen printing, transfer printing, and other reprocessing.<\/p>","protected":false},"excerpt":{"rendered":"<p>Tejido de poli\u00e9ster color blanco, con un ancho de 149 cm. Este tejido es ideal para ropa t\u00e9cnica y deportiva. Tiene dibujo microperforado en una de sus caras. Es un tejido muy ligero con movimiento y ca\u00edda y es muy f\u00e1cil de limpiar. Rendimiento de 5,15 m\/kg. Especial sublimaci\u00f3n y acepta serigraf\u00eda , transfer y&hellip;<\/p>","protected":false},"featured_media":45714,"comment_status":"open","ping_status":"closed","template":"","meta":[],"product_brand":[],"product_cat":[40,105],"product_tag":[],"class_list":{"0":"post-45713","1":"product","2":"type-product","3":"status-publish","4":"has-post-thumbnail","6":"product_cat-other_products","7":"product_cat-textiles","9":"first","10":"instock","11":"shipping-taxable","12":"purchasable","13":"product-type-variable"},"_links":{"self":[{"href":"https:\/\/publimag.es\/en\/wp-json\/wp\/v2\/product\/45713","targetHints":{"allow":["GET"]}}],"collection":[{"href":"https:\/\/publimag.es\/en\/wp-json\/wp\/v2\/product"}],"about":[{"href":"https:\/\/publimag.es\/en\/wp-json\/wp\/v2\/types\/product"}],"replies":[{"embeddable":true,"href":"https:\/\/publimag.es\/en\/wp-json\/wp\/v2\/comments?post=45713"}],"wp:featuredmedia":[{"embeddable":true,"href":"https:\/\/publimag.es\/en\/wp-json\/wp\/v2\/media\/45714"}],"wp:attachment":[{"href":"https:\/\/publimag.es\/en\/wp-json\/wp\/v2\/media?parent=45713"}],"wp:term":[{"taxonomy":"product_brand","embeddable":true,"href":"https:\/\/publimag.es\/en\/wp-json\/wp\/v2\/product_brand?post=45713"},{"taxonomy":"product_cat","embeddable":true,"href":"https:\/\/publimag.es\/en\/wp-json\/wp\/v2\/product_cat?post=45713"},{"taxonomy":"product_tag","embeddable":true,"href":"https:\/\/publimag.es\/en\/wp-json\/wp\/v2\/product_tag?post=45713"}],"curies":[{"name":"wp","href":"https:\/\/api.w.org\/{rel}","templated":true}]}}