{"id":45766,"date":"2025-07-18T15:31:30","date_gmt":"2025-07-18T13:31:30","guid":{"rendered":"https:\/\/publimag.es\/producto\/kercus\/"},"modified":"2025-07-18T15:32:05","modified_gmt":"2025-07-18T13:32:05","slug":"kercus","status":"publish","type":"product","link":"https:\/\/publimag.es\/en\/product\/kercus\/","title":{"rendered":"KERCUS"},"content":{"rendered":"<p>Work footwear with a sporty style and 3D mesh fabric, lightweight and balanced for demanding environments.<br \/>\n\u00b7 Toe cap: Fiberglass, 200 joules.<br \/>\n\u00b7 Anti-perforation insole: PS interlaced fiber textile, 3mm.<br \/>\n\u00b7 Sole: Dual-density polyurethane<br \/>\n\u00b7 Closure: Laces<br \/>\n\u00b7 Reinforcement: Toe and heel<br \/>\n\u00b7 Textile cut: Technical textile and microfiber<br \/>Composition: Technical textile and microfiber<br \/>Observations: CE certified according to standards:<br \/>\nEN ISO 20345:2022 S3S FO SR<\/p>\n<p>Characteristics:<br \/>\n\u00b7 Antistatic<br \/>\n\u00b7 Hydrocarbon resistant<br \/>\n\u00b7 Water-repellent<br \/>\n\u00b7 Slip resistant<br \/>\n\u00b7 Energy absorption capacity in the heel<\/p>","protected":false},"excerpt":{"rendered":"<p>Calzado laboral con estilo deportivo y tejido 3D mesh, ligero y equilibrado para entornos exigentes. \u00b7 Puntera: Fibra de vidrio, 200 julios. \u00b7 Plantilla antiperforaci\u00f3n: Textil fibras entrelazadas PS, 3mm. \u00b7 Suela: Poliuretano de doble densidad \u00b7 Cierre: Cordones \u00b7 Refuerzo: Puntera y tal\u00f3n \u00b7 Corte textil: Textil t\u00e9cnico y microfibraComposici\u00f3n: Textil t\u00e9cnico y microfibraObservaciones:&hellip;<\/p>","protected":false},"featured_media":45767,"comment_status":"open","ping_status":"closed","template":"","meta":[],"product_brand":[],"product_cat":[76,35,37],"product_tag":[],"class_list":{"0":"post-45766","1":"product","2":"type-product","3":"status-publish","4":"has-post-thumbnail","6":"product_cat-foot_wrk","7":"product_cat-novelty_roly","8":"product_cat-workwear","10":"first","11":"instock","12":"shipping-taxable","13":"purchasable","14":"product-type-variable"},"_links":{"self":[{"href":"https:\/\/publimag.es\/en\/wp-json\/wp\/v2\/product\/45766","targetHints":{"allow":["GET"]}}],"collection":[{"href":"https:\/\/publimag.es\/en\/wp-json\/wp\/v2\/product"}],"about":[{"href":"https:\/\/publimag.es\/en\/wp-json\/wp\/v2\/types\/product"}],"replies":[{"embeddable":true,"href":"https:\/\/publimag.es\/en\/wp-json\/wp\/v2\/comments?post=45766"}],"wp:featuredmedia":[{"embeddable":true,"href":"https:\/\/publimag.es\/en\/wp-json\/wp\/v2\/media\/45767"}],"wp:attachment":[{"href":"https:\/\/publimag.es\/en\/wp-json\/wp\/v2\/media?parent=45766"}],"wp:term":[{"taxonomy":"product_brand","embeddable":true,"href":"https:\/\/publimag.es\/en\/wp-json\/wp\/v2\/product_brand?post=45766"},{"taxonomy":"product_cat","embeddable":true,"href":"https:\/\/publimag.es\/en\/wp-json\/wp\/v2\/product_cat?post=45766"},{"taxonomy":"product_tag","embeddable":true,"href":"https:\/\/publimag.es\/en\/wp-json\/wp\/v2\/product_tag?post=45766"}],"curies":[{"name":"wp","href":"https:\/\/api.w.org\/{rel}","templated":true}]}}