{"id":45812,"date":"2025-07-18T15:32:40","date_gmt":"2025-07-18T13:32:40","guid":{"rendered":"https:\/\/publimag.es\/producto\/ulmus\/"},"modified":"2025-07-18T15:33:13","modified_gmt":"2025-07-18T13:33:13","slug":"ulmus","status":"publish","type":"product","link":"https:\/\/publimag.es\/en\/product\/ulmus\/","title":{"rendered":"ULMUS"},"content":{"rendered":"<p>Comfortable, athletic-style work shoes with reflective, breathable details.<br \/>\n\u00b7 Toe cap: Fiberglass, 200 joules.<br \/>\n\u00b7 Anti-perforation insole: PS interlaced fiber textile, 3mm.<br \/>\n\u00b7 Sole: Dual-density polyurethane<br \/>\n\u00b7 Closure: Laces<br \/>\n\u00b7 Reinforcement: Heel<br \/>\n\u00b7 Textile cut: Tatin<br \/>Composition: Tatin<br \/>Observations: CE certified according to standards:<br \/>\nEN ISO 20345:2022 S3S FO SR <\/p>\n<p>Characteristics:<br \/>\n\u00b7 Antistatic<br \/>\n\u00b7 Hydrocarbon resistant<br \/>\n\u00b7 Water-repellent<br \/>\n\u00b7 Slip resistant<br \/>\n\u00b7 Energy absorption capacity in the heel<\/p>","protected":false},"excerpt":{"rendered":"<p>C\u00f3modo calzado laboral de estilo deportivo con detalles reflectantes y transpirables. \u00b7 Puntera: Fibra de vidrio, 200 julios. \u00b7 Plantilla antiperforaci\u00f3n: Textil fibras entrelazadas PS, 3mm. \u00b7 Suela: Poliuretano de doble densidad \u00b7 Cierre: Cordones \u00b7 Refuerzo: Tal\u00f3n \u00b7 Corte textil: Tat\u00ednComposici\u00f3n: Tat\u00ednObservaciones: Certificado CE seg\u00fan normas: EN ISO 20345:2022 S3S FO SR Caracter\u00edsticas: \u00b7&hellip;<\/p>","protected":false},"featured_media":45813,"comment_status":"open","ping_status":"closed","template":"","meta":[],"product_brand":[],"product_cat":[76,35,37],"product_tag":[],"class_list":{"0":"post-45812","1":"product","2":"type-product","3":"status-publish","4":"has-post-thumbnail","6":"product_cat-foot_wrk","7":"product_cat-novelty_roly","8":"product_cat-workwear","10":"first","11":"instock","12":"shipping-taxable","13":"purchasable","14":"product-type-variable"},"_links":{"self":[{"href":"https:\/\/publimag.es\/en\/wp-json\/wp\/v2\/product\/45812","targetHints":{"allow":["GET"]}}],"collection":[{"href":"https:\/\/publimag.es\/en\/wp-json\/wp\/v2\/product"}],"about":[{"href":"https:\/\/publimag.es\/en\/wp-json\/wp\/v2\/types\/product"}],"replies":[{"embeddable":true,"href":"https:\/\/publimag.es\/en\/wp-json\/wp\/v2\/comments?post=45812"}],"wp:featuredmedia":[{"embeddable":true,"href":"https:\/\/publimag.es\/en\/wp-json\/wp\/v2\/media\/45813"}],"wp:attachment":[{"href":"https:\/\/publimag.es\/en\/wp-json\/wp\/v2\/media?parent=45812"}],"wp:term":[{"taxonomy":"product_brand","embeddable":true,"href":"https:\/\/publimag.es\/en\/wp-json\/wp\/v2\/product_brand?post=45812"},{"taxonomy":"product_cat","embeddable":true,"href":"https:\/\/publimag.es\/en\/wp-json\/wp\/v2\/product_cat?post=45812"},{"taxonomy":"product_tag","embeddable":true,"href":"https:\/\/publimag.es\/en\/wp-json\/wp\/v2\/product_tag?post=45812"}],"curies":[{"name":"wp","href":"https:\/\/api.w.org\/{rel}","templated":true}]}}