{"id":45904,"date":"2025-07-18T15:34:55","date_gmt":"2025-07-18T13:34:55","guid":{"rendered":"https:\/\/publimag.es\/producto\/biles\/"},"modified":"2025-07-18T15:35:21","modified_gmt":"2025-07-18T13:35:21","slug":"biles","status":"publish","type":"product","link":"https:\/\/publimag.es\/en\/product\/biles\/","title":{"rendered":"BILES"},"content":{"rendered":"<p>Classic canvas sneaker with a white rubber sole decorated with colorful stripes. Side ventilation eyelets, rubber toe cap, and lace-up closure.<br \/>Remarks: Marking Information: <\/p>\n<p>On the outer side (heel area):<br \/>\n\u2013 Digital transfer of footwear<\/p>","protected":false},"excerpt":{"rendered":"<p>Zapatilla cl\u00e1sica en lona con suela de goma blanca decorada con l\u00edneas en color. Ojales laterales de ventilaci\u00f3n, punta de goma y cierre de cordones.Observaciones: Informaci\u00f3n de Marcaje: En el lateral exterior (zona del tal\u00f3n): &#8211; Transfer digital calzado<\/p>","protected":false},"featured_media":45905,"comment_status":"open","ping_status":"closed","template":"","meta":[],"product_brand":[],"product_cat":[75],"product_tag":[],"class_list":{"0":"post-45904","1":"product","2":"type-product","3":"status-publish","4":"has-post-thumbnail","6":"product_cat-footwear","8":"first","9":"instock","10":"shipping-taxable","11":"purchasable","12":"product-type-variable"},"_links":{"self":[{"href":"https:\/\/publimag.es\/en\/wp-json\/wp\/v2\/product\/45904","targetHints":{"allow":["GET"]}}],"collection":[{"href":"https:\/\/publimag.es\/en\/wp-json\/wp\/v2\/product"}],"about":[{"href":"https:\/\/publimag.es\/en\/wp-json\/wp\/v2\/types\/product"}],"replies":[{"embeddable":true,"href":"https:\/\/publimag.es\/en\/wp-json\/wp\/v2\/comments?post=45904"}],"wp:featuredmedia":[{"embeddable":true,"href":"https:\/\/publimag.es\/en\/wp-json\/wp\/v2\/media\/45905"}],"wp:attachment":[{"href":"https:\/\/publimag.es\/en\/wp-json\/wp\/v2\/media?parent=45904"}],"wp:term":[{"taxonomy":"product_brand","embeddable":true,"href":"https:\/\/publimag.es\/en\/wp-json\/wp\/v2\/product_brand?post=45904"},{"taxonomy":"product_cat","embeddable":true,"href":"https:\/\/publimag.es\/en\/wp-json\/wp\/v2\/product_cat?post=45904"},{"taxonomy":"product_tag","embeddable":true,"href":"https:\/\/publimag.es\/en\/wp-json\/wp\/v2\/product_tag?post=45904"}],"curies":[{"name":"wp","href":"https:\/\/api.w.org\/{rel}","templated":true}]}}