{"id":45965,"date":"2025-07-18T15:35:59","date_gmt":"2025-07-18T13:35:59","guid":{"rendered":"https:\/\/publimag.es\/producto\/dan\/"},"modified":"2025-07-18T15:37:41","modified_gmt":"2025-07-18T13:37:41","slug":"dan","status":"publish","type":"product","link":"https:\/\/publimag.es\/en\/product\/dan\/","title":{"rendered":"DAN"},"content":{"rendered":"<p>Zueco de m\u00e1xima comodidad con agujeros de ventilacion. Tira de subjecci\u00f3n de doble posici\u00f3n.<br \/>Composition: EVA<\/p>","protected":false},"excerpt":{"rendered":"<p>Zueco de m\u00e1xima comodidad con agujeros de ventilacion. Tira de subjecci\u00f3n de doble posici\u00f3n.Composici\u00f3n: EVA<\/p>","protected":false},"featured_media":45966,"comment_status":"open","ping_status":"closed","template":"","meta":[],"product_brand":[],"product_cat":[75,35],"product_tag":[],"class_list":{"0":"post-45965","1":"product","2":"type-product","3":"status-publish","4":"has-post-thumbnail","6":"product_cat-footwear","7":"product_cat-novelty_roly","9":"first","10":"instock","11":"shipping-taxable","12":"purchasable","13":"product-type-variable"},"_links":{"self":[{"href":"https:\/\/publimag.es\/en\/wp-json\/wp\/v2\/product\/45965","targetHints":{"allow":["GET"]}}],"collection":[{"href":"https:\/\/publimag.es\/en\/wp-json\/wp\/v2\/product"}],"about":[{"href":"https:\/\/publimag.es\/en\/wp-json\/wp\/v2\/types\/product"}],"replies":[{"embeddable":true,"href":"https:\/\/publimag.es\/en\/wp-json\/wp\/v2\/comments?post=45965"}],"wp:featuredmedia":[{"embeddable":true,"href":"https:\/\/publimag.es\/en\/wp-json\/wp\/v2\/media\/45966"}],"wp:attachment":[{"href":"https:\/\/publimag.es\/en\/wp-json\/wp\/v2\/media?parent=45965"}],"wp:term":[{"taxonomy":"product_brand","embeddable":true,"href":"https:\/\/publimag.es\/en\/wp-json\/wp\/v2\/product_brand?post=45965"},{"taxonomy":"product_cat","embeddable":true,"href":"https:\/\/publimag.es\/en\/wp-json\/wp\/v2\/product_cat?post=45965"},{"taxonomy":"product_tag","embeddable":true,"href":"https:\/\/publimag.es\/en\/wp-json\/wp\/v2\/product_tag?post=45965"}],"curies":[{"name":"wp","href":"https:\/\/api.w.org\/{rel}","templated":true}]}}