{"id":46063,"date":"2025-07-18T15:37:41","date_gmt":"2025-07-18T13:37:41","guid":{"rendered":"https:\/\/publimag.es\/producto\/megos\/"},"modified":"2025-07-18T15:38:25","modified_gmt":"2025-07-18T13:38:25","slug":"megos","status":"publish","type":"product","link":"https:\/\/publimag.es\/en\/product\/megos\/","title":{"rendered":"MEGOS"},"content":{"rendered":"<p>Shoes specially designed for trekking. Round laces, breathable mesh, and matching synthetic leather details. Black contrasting accents. Cushioned insole and high-grip sole.<br \/>\n<br \/>Remarks: Marking Information: <\/p>\n<p>On the heel:<br \/>\n\u2013 Digital transfer of footwear<\/p>","protected":false},"excerpt":{"rendered":"<p>Zapatillas especialmente dise\u00f1adas para trekking. Cordones redondos, malla transpirable y detalles en piel sint\u00e9tica a tono. Contrastes en negro. Plantilla acolchada y suela de gran agarre. Observaciones: Informaci\u00f3n de Marcaje: En el tal\u00f3n: &#8211; Transfer digital calzado<\/p>","protected":false},"featured_media":46064,"comment_status":"open","ping_status":"closed","template":"","meta":[],"product_brand":[],"product_cat":[75],"product_tag":[],"class_list":{"0":"post-46063","1":"product","2":"type-product","3":"status-publish","4":"has-post-thumbnail","6":"product_cat-footwear","8":"first","9":"instock","10":"shipping-taxable","11":"purchasable","12":"product-type-variable"},"_links":{"self":[{"href":"https:\/\/publimag.es\/en\/wp-json\/wp\/v2\/product\/46063","targetHints":{"allow":["GET"]}}],"collection":[{"href":"https:\/\/publimag.es\/en\/wp-json\/wp\/v2\/product"}],"about":[{"href":"https:\/\/publimag.es\/en\/wp-json\/wp\/v2\/types\/product"}],"replies":[{"embeddable":true,"href":"https:\/\/publimag.es\/en\/wp-json\/wp\/v2\/comments?post=46063"}],"wp:featuredmedia":[{"embeddable":true,"href":"https:\/\/publimag.es\/en\/wp-json\/wp\/v2\/media\/46064"}],"wp:attachment":[{"href":"https:\/\/publimag.es\/en\/wp-json\/wp\/v2\/media?parent=46063"}],"wp:term":[{"taxonomy":"product_brand","embeddable":true,"href":"https:\/\/publimag.es\/en\/wp-json\/wp\/v2\/product_brand?post=46063"},{"taxonomy":"product_cat","embeddable":true,"href":"https:\/\/publimag.es\/en\/wp-json\/wp\/v2\/product_cat?post=46063"},{"taxonomy":"product_tag","embeddable":true,"href":"https:\/\/publimag.es\/en\/wp-json\/wp\/v2\/product_tag?post=46063"}],"curies":[{"name":"wp","href":"https:\/\/api.w.org\/{rel}","templated":true}]}}