{"id":46370,"date":"2025-07-18T15:43:12","date_gmt":"2025-07-18T13:43:12","guid":{"rendered":"https:\/\/publimag.es\/producto\/yukon\/"},"modified":"2025-07-18T15:44:02","modified_gmt":"2025-07-18T13:44:02","slug":"yukon","status":"publish","type":"product","link":"https:\/\/publimag.es\/en\/product\/yukon\/","title":{"rendered":"YUKON"},"content":{"rendered":"<p>Waterproof padded jacket with a high collar and microfleece-lined interior.<br \/>\nMatching injected center zipper with chin guard and pull tab. One chest pocket and two side pockets with zipper and flap. 1x1 ribbed adjustable cuffs. Interior access for branding.<br \/>Composition: 100% waterproof polyester, 300 g\/m\u00b2.<br \/>Observations: *Easy access interior for screen printing or embroidery.<br \/>\n*Waterproof model.<br \/>\n*Windproof model.<br \/><img decoding=\"async\" src=\"https:\/\/static.gorfactory.es\/pics\/measures\/CQ_HOMU.jpg\"><\/p>","protected":false},"excerpt":{"rendered":"<p>Chaqueta acolchada impermeable. Cuello alto con interior forrado en micropolar. \u00b7 Cremallera central inyectada al tono con protector de barbilla y tirador. Un bolsillo en el pecho y dos laterales con cremallera y solapa. Pu\u00f1os ajustables en canal\u00e9 1&#215;1. Acceso interior para marcaje.Composici\u00f3n: 100% poli\u00e9ster impermeable, 300 g\/m\u00b2.Observaciones: *Interior de f\u00e1cil acceso para serigraf\u00eda o&hellip;<\/p>","protected":false},"featured_media":46371,"comment_status":"open","ping_status":"closed","template":"","meta":[],"product_brand":[],"product_cat":[52,55,39,37],"product_tag":[],"class_list":{"0":"post-46370","1":"product","2":"type-product","3":"status-publish","4":"has-post-thumbnail","6":"product_cat-coats","7":"product_cat-subcoats","8":"product_cat-basic","9":"product_cat-workwear","11":"first","12":"instock","13":"shipping-taxable","14":"purchasable","15":"product-type-variable"},"_links":{"self":[{"href":"https:\/\/publimag.es\/en\/wp-json\/wp\/v2\/product\/46370","targetHints":{"allow":["GET"]}}],"collection":[{"href":"https:\/\/publimag.es\/en\/wp-json\/wp\/v2\/product"}],"about":[{"href":"https:\/\/publimag.es\/en\/wp-json\/wp\/v2\/types\/product"}],"replies":[{"embeddable":true,"href":"https:\/\/publimag.es\/en\/wp-json\/wp\/v2\/comments?post=46370"}],"wp:featuredmedia":[{"embeddable":true,"href":"https:\/\/publimag.es\/en\/wp-json\/wp\/v2\/media\/46371"}],"wp:attachment":[{"href":"https:\/\/publimag.es\/en\/wp-json\/wp\/v2\/media?parent=46370"}],"wp:term":[{"taxonomy":"product_brand","embeddable":true,"href":"https:\/\/publimag.es\/en\/wp-json\/wp\/v2\/product_brand?post=46370"},{"taxonomy":"product_cat","embeddable":true,"href":"https:\/\/publimag.es\/en\/wp-json\/wp\/v2\/product_cat?post=46370"},{"taxonomy":"product_tag","embeddable":true,"href":"https:\/\/publimag.es\/en\/wp-json\/wp\/v2\/product_tag?post=46370"}],"curies":[{"name":"wp","href":"https:\/\/api.w.org\/{rel}","templated":true}]}}