{"id":46407,"date":"2025-07-18T15:44:03","date_gmt":"2025-07-18T13:44:03","guid":{"rendered":"https:\/\/publimag.es\/producto\/minsk\/"},"modified":"2025-07-18T15:44:47","modified_gmt":"2025-07-18T13:44:47","slug":"minsk","status":"publish","type":"product","link":"https:\/\/publimag.es\/en\/product\/minsk\/","title":{"rendered":"MINSK"},"content":{"rendered":"<p>Men&#039;s jacket with a two-piece combination: Fixed, fitted hood. Raglan sleeves. Softshell fabric on the sleeves, side panels, and hood, and quilted, down-feel fabric on the front and back. Matching reverse zipper with chin guard and pull tab. Two front zippered pockets. Matching elastic trim on the collar, cuffs, and hem. <br \/>Composition: Front and back: 100% polyester<br \/>\nWadding: 100% polyester, feather effect.<br \/>\nSleeves: 100% polyester Interlock<br \/>\n290 g\/m\u00b2.<br \/>Observations: *Removable Label.<br \/>\n*Windproof model.<br \/>\n<br \/><img decoding=\"async\" src=\"https:\/\/static.gorfactory.es\/pics\/measures\/CQ_HOMU.jpg\"><\/p>","protected":false},"excerpt":{"rendered":"<p>Chaqueta de hombre combinada en dos tejidos: Capucha fija ajustada. Manga estilo rangl\u00e1n. Tejido softshell en mangas, paneles laterales y capucha, y tejido acolchado tacto pluma en frontal y espalda. Cremallera invertida a tono con protector de barbilla y tirador. Dos bolsillos frontales con cremalleras. Ribete el\u00e1stico a tono en cuello, pu\u00f1os y bajo. Composici\u00f3n:&hellip;<\/p>","protected":false},"featured_media":46408,"comment_status":"open","ping_status":"closed","template":"","meta":[],"product_brand":[],"product_cat":[55,52,39,25,38,37],"product_tag":[],"class_list":{"0":"post-46407","1":"product","2":"type-product","3":"status-publish","4":"has-post-thumbnail","6":"product_cat-subcoats","7":"product_cat-coats","8":"product_cat-basic","9":"product_cat-sports","10":"product_cat-wint_sp","11":"product_cat-workwear","13":"first","14":"instock","15":"shipping-taxable","16":"purchasable","17":"product-type-variable"},"_links":{"self":[{"href":"https:\/\/publimag.es\/en\/wp-json\/wp\/v2\/product\/46407","targetHints":{"allow":["GET"]}}],"collection":[{"href":"https:\/\/publimag.es\/en\/wp-json\/wp\/v2\/product"}],"about":[{"href":"https:\/\/publimag.es\/en\/wp-json\/wp\/v2\/types\/product"}],"replies":[{"embeddable":true,"href":"https:\/\/publimag.es\/en\/wp-json\/wp\/v2\/comments?post=46407"}],"wp:featuredmedia":[{"embeddable":true,"href":"https:\/\/publimag.es\/en\/wp-json\/wp\/v2\/media\/46408"}],"wp:attachment":[{"href":"https:\/\/publimag.es\/en\/wp-json\/wp\/v2\/media?parent=46407"}],"wp:term":[{"taxonomy":"product_brand","embeddable":true,"href":"https:\/\/publimag.es\/en\/wp-json\/wp\/v2\/product_brand?post=46407"},{"taxonomy":"product_cat","embeddable":true,"href":"https:\/\/publimag.es\/en\/wp-json\/wp\/v2\/product_cat?post=46407"},{"taxonomy":"product_tag","embeddable":true,"href":"https:\/\/publimag.es\/en\/wp-json\/wp\/v2\/product_tag?post=46407"}],"curies":[{"name":"wp","href":"https:\/\/api.w.org\/{rel}","templated":true}]}}