{"id":46500,"date":"2025-07-18T15:46:04","date_gmt":"2025-07-18T13:46:04","guid":{"rendered":"https:\/\/publimag.es\/producto\/makalu\/"},"modified":"2025-07-18T15:46:38","modified_gmt":"2025-07-18T13:46:38","slug":"makalu","status":"publish","type":"product","link":"https:\/\/publimag.es\/en\/product\/makalu\/","title":{"rendered":"MAKALU"},"content":{"rendered":"<p>Lightweight, water-repellent jacket. High collar and removable hood with adjusters. Microfleece lining. Front zipper and chin guard. Elastic cuffs. Two zippered side pockets and one inside pocket on the left chest.<br \/>\n<br \/>Composition: Outer fabric: 100% polyester<br \/>\nWadding: 100% polyester<br \/>\nLining: 100% polyester, microfleece<br \/>\n330 g\/m\u00b2<br \/>\n<br \/>Remarks: * Removable label.<br \/>\n*Water resistant.<br \/>\n* Windproof. <\/p>","protected":false},"excerpt":{"rendered":"<p>Chaqueta ligera repelente al agua. Cuello alto y capucha extra\u00edble con ajustadores. Forro interior micropolar. \u00b7Cremallera frontal y protector de barbilla. Pu\u00f1os el\u00e1sticos. Dos bolsillos laterales con cremallera y un bolsillo interior en pecho izquierdo. Composici\u00f3n: Tejido exterior: 100% poli\u00e9ster Guata: 100% poli\u00e9ster Forro: 100% poli\u00e9ster, micropolar 330 g\/m\u00b2 Observaciones: * Etiqueta removible. * Resistente&hellip;<\/p>","protected":false},"featured_media":46501,"comment_status":"open","ping_status":"closed","template":"","meta":[],"product_brand":[],"product_cat":[52,55,39,37],"product_tag":[],"class_list":{"0":"post-46500","1":"product","2":"type-product","3":"status-publish","4":"has-post-thumbnail","6":"product_cat-coats","7":"product_cat-subcoats","8":"product_cat-basic","9":"product_cat-workwear","11":"first","12":"instock","13":"shipping-taxable","14":"purchasable","15":"product-type-variable"},"_links":{"self":[{"href":"https:\/\/publimag.es\/en\/wp-json\/wp\/v2\/product\/46500","targetHints":{"allow":["GET"]}}],"collection":[{"href":"https:\/\/publimag.es\/en\/wp-json\/wp\/v2\/product"}],"about":[{"href":"https:\/\/publimag.es\/en\/wp-json\/wp\/v2\/types\/product"}],"replies":[{"embeddable":true,"href":"https:\/\/publimag.es\/en\/wp-json\/wp\/v2\/comments?post=46500"}],"wp:featuredmedia":[{"embeddable":true,"href":"https:\/\/publimag.es\/en\/wp-json\/wp\/v2\/media\/46501"}],"wp:attachment":[{"href":"https:\/\/publimag.es\/en\/wp-json\/wp\/v2\/media?parent=46500"}],"wp:term":[{"taxonomy":"product_brand","embeddable":true,"href":"https:\/\/publimag.es\/en\/wp-json\/wp\/v2\/product_brand?post=46500"},{"taxonomy":"product_cat","embeddable":true,"href":"https:\/\/publimag.es\/en\/wp-json\/wp\/v2\/product_cat?post=46500"},{"taxonomy":"product_tag","embeddable":true,"href":"https:\/\/publimag.es\/en\/wp-json\/wp\/v2\/product_tag?post=46500"}],"curies":[{"name":"wp","href":"https:\/\/api.w.org\/{rel}","templated":true}]}}