{"id":46551,"date":"2025-07-18T15:47:08","date_gmt":"2025-07-18T13:47:08","guid":{"rendered":"https:\/\/publimag.es\/producto\/artic\/"},"modified":"2025-07-18T15:49:47","modified_gmt":"2025-07-18T13:49:47","slug":"artic","status":"publish","type":"product","link":"https:\/\/publimag.es\/en\/product\/artic\/","title":{"rendered":"ARTIC"},"content":{"rendered":"<p>High-neck fleece jacket. Matching injected zippers with fabric pullers. Matching reinforced overlock seams. Side pockets. Elastic cuffs. Hem with interior side adjusters. <br \/>Composition: 100% polyester, fleece, 300 g\/m\u00b2.<br \/>Observations: *Removable Label.<br \/>\n*Duo concept.<br \/>\n*Available in children&#039;s sizes. <br \/><img decoding=\"async\" src=\"https:\/\/static.gorfactory.es\/pics\/measures\/SM_HO.jpg\"><\/p>","protected":false},"excerpt":{"rendered":"<p>Chaqueta polar de cuello alto. Cremalleras inyectadas a tono con tiradores en tejido. Cubrecosturas reforzado a tono. Bolsillos laterales. Pu\u00f1os con ribete el\u00e1stico. Bajo con ajustadores interiores laterales. Composici\u00f3n: 100% poli\u00e9ster, polar, 300 g\/m\u00b2.Observaciones: *Etiqueta Removible. *Duo concept. *Disponible en tallas infantiles.<\/p>","protected":false},"featured_media":46552,"comment_status":"open","ping_status":"closed","template":"","meta":[],"product_brand":[],"product_cat":[52,39,53,49,48,51,37],"product_tag":[],"class_list":{"0":"post-46551","1":"product","2":"type-product","3":"status-publish","4":"has-post-thumbnail","6":"product_cat-coats","7":"product_cat-basic","8":"product_cat-pol","9":"product_cat-swe","10":"product_cat-sud_cha","11":"product_cat-swe_sh","12":"product_cat-workwear","14":"first","15":"instock","16":"shipping-taxable","17":"purchasable","18":"product-type-variable"},"_links":{"self":[{"href":"https:\/\/publimag.es\/en\/wp-json\/wp\/v2\/product\/46551","targetHints":{"allow":["GET"]}}],"collection":[{"href":"https:\/\/publimag.es\/en\/wp-json\/wp\/v2\/product"}],"about":[{"href":"https:\/\/publimag.es\/en\/wp-json\/wp\/v2\/types\/product"}],"replies":[{"embeddable":true,"href":"https:\/\/publimag.es\/en\/wp-json\/wp\/v2\/comments?post=46551"}],"wp:featuredmedia":[{"embeddable":true,"href":"https:\/\/publimag.es\/en\/wp-json\/wp\/v2\/media\/46552"}],"wp:attachment":[{"href":"https:\/\/publimag.es\/en\/wp-json\/wp\/v2\/media?parent=46551"}],"wp:term":[{"taxonomy":"product_brand","embeddable":true,"href":"https:\/\/publimag.es\/en\/wp-json\/wp\/v2\/product_brand?post=46551"},{"taxonomy":"product_cat","embeddable":true,"href":"https:\/\/publimag.es\/en\/wp-json\/wp\/v2\/product_cat?post=46551"},{"taxonomy":"product_tag","embeddable":true,"href":"https:\/\/publimag.es\/en\/wp-json\/wp\/v2\/product_tag?post=46551"}],"curies":[{"name":"wp","href":"https:\/\/api.w.org\/{rel}","templated":true}]}}