{"id":46695,"date":"2025-07-18T15:49:48","date_gmt":"2025-07-18T13:49:48","guid":{"rendered":"https:\/\/publimag.es\/producto\/artic-woman\/"},"modified":"2025-07-18T15:51:37","modified_gmt":"2025-07-18T13:51:37","slug":"artic-woman","status":"publish","type":"product","link":"https:\/\/publimag.es\/en\/product\/artic-woman\/","title":{"rendered":"ARTIC WOMAN"},"content":{"rendered":"<p>Fleece sweatshirt with a lined high collar and matching reinforced seam coverstitching. Matching injected zipper with fabric puller. Elastic cuffs. Side pockets. Slim fit. Hem with interior side adjusters. <br \/>Composition: 100% polyester, fleece, 300 g\/m\u00b2.<br \/>Observations: *Removable Label.<br \/>\n*Duo concept. <br \/><img decoding=\"async\" src=\"https:\/\/static.gorfactory.es\/pics\/measures\/SU_MU.jpg\"><\/p>","protected":false},"excerpt":{"rendered":"<p>Sudadera polar, con cuello alto forrado y cubre costuras reforzado a tono. Cremallera inyectada a tono con tirador en tejido. Pu\u00f1os con ribete el\u00e1stico. Bolsillos laterales. Corte entallado. Bajo con ajustadores interiores laterales. Composici\u00f3n: 100% poli\u00e9ster, polar, 300 g\/m\u00b2.Observaciones: *Etiqueta Removible. *Duo concept.<\/p>","protected":false},"featured_media":46696,"comment_status":"open","ping_status":"closed","template":"","meta":[],"product_brand":[],"product_cat":[52,39,53,49,48,51,37],"product_tag":[],"class_list":{"0":"post-46695","1":"product","2":"type-product","3":"status-publish","4":"has-post-thumbnail","6":"product_cat-coats","7":"product_cat-basic","8":"product_cat-pol","9":"product_cat-swe","10":"product_cat-sud_cha","11":"product_cat-swe_sh","12":"product_cat-workwear","14":"first","15":"instock","16":"shipping-taxable","17":"purchasable","18":"product-type-variable"},"_links":{"self":[{"href":"https:\/\/publimag.es\/en\/wp-json\/wp\/v2\/product\/46695","targetHints":{"allow":["GET"]}}],"collection":[{"href":"https:\/\/publimag.es\/en\/wp-json\/wp\/v2\/product"}],"about":[{"href":"https:\/\/publimag.es\/en\/wp-json\/wp\/v2\/types\/product"}],"replies":[{"embeddable":true,"href":"https:\/\/publimag.es\/en\/wp-json\/wp\/v2\/comments?post=46695"}],"wp:featuredmedia":[{"embeddable":true,"href":"https:\/\/publimag.es\/en\/wp-json\/wp\/v2\/media\/46696"}],"wp:attachment":[{"href":"https:\/\/publimag.es\/en\/wp-json\/wp\/v2\/media?parent=46695"}],"wp:term":[{"taxonomy":"product_brand","embeddable":true,"href":"https:\/\/publimag.es\/en\/wp-json\/wp\/v2\/product_brand?post=46695"},{"taxonomy":"product_cat","embeddable":true,"href":"https:\/\/publimag.es\/en\/wp-json\/wp\/v2\/product_cat?post=46695"},{"taxonomy":"product_tag","embeddable":true,"href":"https:\/\/publimag.es\/en\/wp-json\/wp\/v2\/product_tag?post=46695"}],"curies":[{"name":"wp","href":"https:\/\/api.w.org\/{rel}","templated":true}]}}