{"id":46872,"date":"2025-07-18T15:53:12","date_gmt":"2025-07-18T13:53:12","guid":{"rendered":"https:\/\/publimag.es\/producto\/veleta\/"},"modified":"2025-07-18T15:54:14","modified_gmt":"2025-07-18T13:54:14","slug":"veleta","status":"publish","type":"product","link":"https:\/\/publimag.es\/en\/product\/veleta\/","title":{"rendered":"VANE"},"content":{"rendered":"<p>Sudadera de mujer con capucha forrada a tono. Cremallera met\u00e1lica frontal y bolsillo estilo canguro. Cubrecosturas reforzado en el cuello interior, corte entallado, y punto canal\u00e9 2&#215;2 en pu\u00f1os y cintura.<br \/>\n<br \/>Composition: 50% cotton \/ 50% polyester, brushed fleece, 280 g\/m\u00b2.<br \/>\nColor grey vigor\u00e9 58: 55% cotton \/ 40% polyester \/ 5% viscose. <br \/>Observaciones: *Cremallera met\u00e1lica en color plata.<br \/>\n*Removable label. <br \/><img decoding=\"async\" src=\"https:\/\/static.gorfactory.es\/pics\/measures\/CQ_HOMU.jpg\"><\/p>","protected":false},"excerpt":{"rendered":"<p>Sudadera de mujer con capucha forrada a tono. Cremallera met\u00e1lica frontal y bolsillo estilo canguro. Cubrecosturas reforzado en el cuello interior, corte entallado, y punto canal\u00e9 2&#215;2 en pu\u00f1os y cintura. Composici\u00f3n: 50% algod\u00f3n \/ 50% poli\u00e9ster, felpa perchada, 280 g\/m\u00b2. Color gris vigor\u00e9 58: 55% algod\u00f3n \/ 40% poli\u00e9ster \/ 5% viscosa. Observaciones: *Cremallera&hellip;<\/p>","protected":false},"featured_media":46873,"comment_status":"open","ping_status":"closed","template":"","meta":[],"product_brand":[],"product_cat":[49,48,50],"product_tag":[],"class_list":{"0":"post-46872","1":"product","2":"type-product","3":"status-publish","4":"has-post-thumbnail","6":"product_cat-swe","7":"product_cat-sud_cha","8":"product_cat-swe_h","10":"first","11":"instock","12":"shipping-taxable","13":"purchasable","14":"product-type-variable"},"_links":{"self":[{"href":"https:\/\/publimag.es\/en\/wp-json\/wp\/v2\/product\/46872","targetHints":{"allow":["GET"]}}],"collection":[{"href":"https:\/\/publimag.es\/en\/wp-json\/wp\/v2\/product"}],"about":[{"href":"https:\/\/publimag.es\/en\/wp-json\/wp\/v2\/types\/product"}],"replies":[{"embeddable":true,"href":"https:\/\/publimag.es\/en\/wp-json\/wp\/v2\/comments?post=46872"}],"wp:featuredmedia":[{"embeddable":true,"href":"https:\/\/publimag.es\/en\/wp-json\/wp\/v2\/media\/46873"}],"wp:attachment":[{"href":"https:\/\/publimag.es\/en\/wp-json\/wp\/v2\/media?parent=46872"}],"wp:term":[{"taxonomy":"product_brand","embeddable":true,"href":"https:\/\/publimag.es\/en\/wp-json\/wp\/v2\/product_brand?post=46872"},{"taxonomy":"product_cat","embeddable":true,"href":"https:\/\/publimag.es\/en\/wp-json\/wp\/v2\/product_cat?post=46872"},{"taxonomy":"product_tag","embeddable":true,"href":"https:\/\/publimag.es\/en\/wp-json\/wp\/v2\/product_tag?post=46872"}],"curies":[{"name":"wp","href":"https:\/\/api.w.org\/{rel}","templated":true}]}}