{"id":47032,"date":"2025-07-18T15:56:12","date_gmt":"2025-07-18T13:56:12","guid":{"rendered":"https:\/\/publimag.es\/producto\/california\/"},"modified":"2025-07-18T15:57:39","modified_gmt":"2025-07-18T13:57:39","slug":"california","status":"publish","type":"product","link":"https:\/\/publimag.es\/en\/product\/california\/","title":{"rendered":"CALIFORNIA"},"content":{"rendered":"<p>Lightly padded unisex jacket with a two-tone colorway. 1x1 ribbed collar, cuffs, and hem with two contrasting stripes. Zippered side pockets. Lined interior. Contrast plastic snap buttons. Interior access on the left chest and back for rework. <br \/>Composition: Exterior: 100% Polyester, taffeta<br \/>\nWadding: 100% Polyester<br \/>\nLining: 100% Polyester<br \/>\n220g\/m\u00b2<br \/>Remarks: * Removable label<br \/>\n* Windproof<\/p>","protected":false},"excerpt":{"rendered":"<p>Chaqueta unisex ligeramente acolchada combinada con dos colores. Cuello, pu\u00f1os y bajo en rib 1&#215;1, con dos l\u00edneas a contraste. Bolsillos laterales con cremallera. Interior forrado. Botones a presi\u00f3n con acabado de pl\u00e1stico a contraste. Acceso interior en pecho izquierdo y espalda para reprocesos. Composici\u00f3n: Exterior: 100% Poli\u00e9ster, tafet\u00e1n Guata: 100% Poli\u00e9ster Forro: 100% Poli\u00e9ster&hellip;<\/p>","protected":false},"featured_media":47033,"comment_status":"open","ping_status":"closed","template":"","meta":[],"product_brand":[],"product_cat":[52,55,35],"product_tag":[],"class_list":{"0":"post-47032","1":"product","2":"type-product","3":"status-publish","4":"has-post-thumbnail","6":"product_cat-coats","7":"product_cat-subcoats","8":"product_cat-novelty_roly","10":"first","11":"instock","12":"shipping-taxable","13":"purchasable","14":"product-type-variable"},"_links":{"self":[{"href":"https:\/\/publimag.es\/en\/wp-json\/wp\/v2\/product\/47032","targetHints":{"allow":["GET"]}}],"collection":[{"href":"https:\/\/publimag.es\/en\/wp-json\/wp\/v2\/product"}],"about":[{"href":"https:\/\/publimag.es\/en\/wp-json\/wp\/v2\/types\/product"}],"replies":[{"embeddable":true,"href":"https:\/\/publimag.es\/en\/wp-json\/wp\/v2\/comments?post=47032"}],"wp:featuredmedia":[{"embeddable":true,"href":"https:\/\/publimag.es\/en\/wp-json\/wp\/v2\/media\/47033"}],"wp:attachment":[{"href":"https:\/\/publimag.es\/en\/wp-json\/wp\/v2\/media?parent=47032"}],"wp:term":[{"taxonomy":"product_brand","embeddable":true,"href":"https:\/\/publimag.es\/en\/wp-json\/wp\/v2\/product_brand?post=47032"},{"taxonomy":"product_cat","embeddable":true,"href":"https:\/\/publimag.es\/en\/wp-json\/wp\/v2\/product_cat?post=47032"},{"taxonomy":"product_tag","embeddable":true,"href":"https:\/\/publimag.es\/en\/wp-json\/wp\/v2\/product_tag?post=47032"}],"curies":[{"name":"wp","href":"https:\/\/api.w.org\/{rel}","templated":true}]}}