{"id":47097,"date":"2025-07-18T15:57:40","date_gmt":"2025-07-18T13:57:40","guid":{"rendered":"https:\/\/publimag.es\/producto\/terrano\/"},"modified":"2025-07-18T15:58:33","modified_gmt":"2025-07-18T13:58:33","slug":"terrano","status":"publish","type":"product","link":"https:\/\/publimag.es\/en\/product\/terrano\/","title":{"rendered":"TERRANO"},"content":{"rendered":"<p>Microfleece jacket in combined colors.<br \/>\n\u00b7 High collar and contrasting injected zipper.<br \/>\n\u00b7 Contrasting shoulder pieces and details.<br \/>\n\u00b7 Side pockets with zipper.<br \/>\n\u00b7 Elastic cuffs and hem with side adjusters.<br \/>Composition: 100% microfleece polyester, 220 g\/m\u00b2.<br \/>Remarks: * Removable label.<br \/><img decoding=\"async\" src=\"https:\/\/static.gorfactory.es\/pics\/measures\/CQ_HOMU.jpg\"><\/p>","protected":false},"excerpt":{"rendered":"<p>Chaqueta micropolar en colores combinados. \u00b7 Cuello alto y cremallera inyectada a contraste. \u00b7 Piezas de hombros y detalles a contraste. \u00b7 Bolsillos laterales con cremallera. \u00b7 Pu\u00f1os el\u00e1sticos y bajos con ajustadores laterales.Composici\u00f3n: 100% poli\u00e9ster micropolar, 220 g\/m\u00b2.Observaciones: * Etiqueta removible.<\/p>","protected":false},"featured_media":47098,"comment_status":"open","ping_status":"closed","template":"","meta":[],"product_brand":[],"product_cat":[66,37],"product_tag":[],"class_list":{"0":"post-47097","1":"product","2":"type-product","3":"status-publish","4":"has-post-thumbnail","6":"product_cat-industry_services","7":"product_cat-workwear","9":"first","10":"instock","11":"shipping-taxable","12":"purchasable","13":"product-type-variable"},"_links":{"self":[{"href":"https:\/\/publimag.es\/en\/wp-json\/wp\/v2\/product\/47097","targetHints":{"allow":["GET"]}}],"collection":[{"href":"https:\/\/publimag.es\/en\/wp-json\/wp\/v2\/product"}],"about":[{"href":"https:\/\/publimag.es\/en\/wp-json\/wp\/v2\/types\/product"}],"replies":[{"embeddable":true,"href":"https:\/\/publimag.es\/en\/wp-json\/wp\/v2\/comments?post=47097"}],"wp:featuredmedia":[{"embeddable":true,"href":"https:\/\/publimag.es\/en\/wp-json\/wp\/v2\/media\/47098"}],"wp:attachment":[{"href":"https:\/\/publimag.es\/en\/wp-json\/wp\/v2\/media?parent=47097"}],"wp:term":[{"taxonomy":"product_brand","embeddable":true,"href":"https:\/\/publimag.es\/en\/wp-json\/wp\/v2\/product_brand?post=47097"},{"taxonomy":"product_cat","embeddable":true,"href":"https:\/\/publimag.es\/en\/wp-json\/wp\/v2\/product_cat?post=47097"},{"taxonomy":"product_tag","embeddable":true,"href":"https:\/\/publimag.es\/en\/wp-json\/wp\/v2\/product_tag?post=47097"}],"curies":[{"name":"wp","href":"https:\/\/api.w.org\/{rel}","templated":true}]}}