{"id":47173,"date":"2025-07-18T15:59:26","date_gmt":"2025-07-18T13:59:26","guid":{"rendered":"https:\/\/publimag.es\/producto\/glasgow\/"},"modified":"2025-07-18T16:00:30","modified_gmt":"2025-07-18T14:00:30","slug":"glasgow","status":"publish","type":"product","link":"https:\/\/publimag.es\/en\/product\/glasgow\/","title":{"rendered":"GLASGOW"},"content":{"rendered":"<p>Windbreaker jacket made from lightweight technical fabric. The collar is lined with breathable fabric and taped seams. Inverted zipper with reflective detailing, chin guard, and zipper pull. Breathable fabric at the armholes. Front zippered pockets. Inside storage pocket. Elastic cuffs and hem. Reflective details on the back. <br \/>Composition: 100% checked polyester, 70 g\/m\u00b2.<br \/>Remarks: *Removable label.<br \/>\n*Windproof model.<br \/>\n*Breathable model.<br \/>\n*Duo concept. <br \/><img decoding=\"async\" src=\"https:\/\/static.gorfactory.es\/pics\/measures\/CB_HO.jpg\"><\/p>","protected":false},"excerpt":{"rendered":"<p>Chaqueta cortavientos en tejido t\u00e9cnico ligero. Interior de cuello forrado en tejido transpirable con cubrecosturas. Cremallera invertida con detalle reflectante, protector de barbilla y tirador. Tejido transpirable en la parte de las sisas. Bolsillos delanteros con cremalleras. Bolsillo interior para guardar la prenda. Pu\u00f1os y bajo con ribete el\u00e1stico. Detalles reflectantes en la espalda. Composici\u00f3n:&hellip;<\/p>","protected":false},"featured_media":47174,"comment_status":"open","ping_status":"closed","template":"","meta":[],"product_brand":[],"product_cat":[761,25,38],"product_tag":[],"class_list":{"0":"post-47173","1":"product","2":"type-product","3":"status-publish","4":"has-post-thumbnail","6":"product_cat-windbreak","7":"product_cat-sports","8":"product_cat-wint_sp","10":"first","11":"instock","12":"shipping-taxable","13":"purchasable","14":"product-type-variable"},"_links":{"self":[{"href":"https:\/\/publimag.es\/en\/wp-json\/wp\/v2\/product\/47173","targetHints":{"allow":["GET"]}}],"collection":[{"href":"https:\/\/publimag.es\/en\/wp-json\/wp\/v2\/product"}],"about":[{"href":"https:\/\/publimag.es\/en\/wp-json\/wp\/v2\/types\/product"}],"replies":[{"embeddable":true,"href":"https:\/\/publimag.es\/en\/wp-json\/wp\/v2\/comments?post=47173"}],"wp:featuredmedia":[{"embeddable":true,"href":"https:\/\/publimag.es\/en\/wp-json\/wp\/v2\/media\/47174"}],"wp:attachment":[{"href":"https:\/\/publimag.es\/en\/wp-json\/wp\/v2\/media?parent=47173"}],"wp:term":[{"taxonomy":"product_brand","embeddable":true,"href":"https:\/\/publimag.es\/en\/wp-json\/wp\/v2\/product_brand?post=47173"},{"taxonomy":"product_cat","embeddable":true,"href":"https:\/\/publimag.es\/en\/wp-json\/wp\/v2\/product_cat?post=47173"},{"taxonomy":"product_tag","embeddable":true,"href":"https:\/\/publimag.es\/en\/wp-json\/wp\/v2\/product_tag?post=47173"}],"curies":[{"name":"wp","href":"https:\/\/api.w.org\/{rel}","templated":true}]}}