{"id":47363,"date":"2025-07-18T16:03:54","date_gmt":"2025-07-18T14:03:54","guid":{"rendered":"https:\/\/publimag.es\/producto\/benoit\/"},"modified":"2025-07-18T16:04:33","modified_gmt":"2025-07-18T14:04:33","slug":"benoit","status":"publish","type":"product","link":"https:\/\/publimag.es\/en\/product\/benoit\/","title":{"rendered":"Benoit"},"content":{"rendered":"<p>Long twill apron. Strap with plastic adjuster. Side ties for tying. Front pocket with center seam.<br \/>\n   <br \/>Composition: 80% polyester \/ 20% cotton, 220 g\/m\u00b2 twill.<br \/>Remarks: *Removable label.<br \/>\n*Feeding.<br \/>\n* Apron size: 90 x 75 cm<br \/>\n*Pocket measurements: 40 x 22 cm.<br \/><img decoding=\"async\" src=\"https:\/\/static.gorfactory.es\/pics\/measures\/DE_HO.jpg\"><\/p>","protected":false},"excerpt":{"rendered":"<p>Delantal largo de sarga. Tirante con cierre ajustador de pl\u00e1stico. Cintas laterales para lazada. Bolsillo frontal con costura en el centro. Composici\u00f3n: 80% poli\u00e9ster \/ 20% algod\u00f3n, sarga de 220 g\/m\u00b2.Observaciones: *Etiqueta removible. *Alimentaci\u00f3n. * Medida delantal: 90 x 75 cm *Medidas del bolsillo: 40 x 22 cm.<\/p>","protected":false},"featured_media":47364,"comment_status":"open","ping_status":"closed","template":"","meta":[],"product_brand":[],"product_cat":[91,61,37],"product_tag":[],"class_list":{"0":"post-47363","1":"product","2":"type-product","3":"status-publish","4":"has-post-thumbnail","6":"product_cat-horecadelantal","7":"product_cat-horeca","8":"product_cat-workwear","10":"first","11":"instock","12":"shipping-taxable","13":"purchasable","14":"product-type-variable"},"_links":{"self":[{"href":"https:\/\/publimag.es\/en\/wp-json\/wp\/v2\/product\/47363","targetHints":{"allow":["GET"]}}],"collection":[{"href":"https:\/\/publimag.es\/en\/wp-json\/wp\/v2\/product"}],"about":[{"href":"https:\/\/publimag.es\/en\/wp-json\/wp\/v2\/types\/product"}],"replies":[{"embeddable":true,"href":"https:\/\/publimag.es\/en\/wp-json\/wp\/v2\/comments?post=47363"}],"wp:featuredmedia":[{"embeddable":true,"href":"https:\/\/publimag.es\/en\/wp-json\/wp\/v2\/media\/47364"}],"wp:attachment":[{"href":"https:\/\/publimag.es\/en\/wp-json\/wp\/v2\/media?parent=47363"}],"wp:term":[{"taxonomy":"product_brand","embeddable":true,"href":"https:\/\/publimag.es\/en\/wp-json\/wp\/v2\/product_brand?post=47363"},{"taxonomy":"product_cat","embeddable":true,"href":"https:\/\/publimag.es\/en\/wp-json\/wp\/v2\/product_cat?post=47363"},{"taxonomy":"product_tag","embeddable":true,"href":"https:\/\/publimag.es\/en\/wp-json\/wp\/v2\/product_tag?post=47363"}],"curies":[{"name":"wp","href":"https:\/\/api.w.org\/{rel}","templated":true}]}}