{"id":47445,"date":"2025-07-18T16:06:28","date_gmt":"2025-07-18T14:06:28","guid":{"rendered":"https:\/\/publimag.es\/producto\/bost\/"},"modified":"2025-07-18T16:07:14","modified_gmt":"2025-07-18T14:07:14","slug":"bost","status":"publish","type":"product","link":"https:\/\/publimag.es\/en\/product\/bost\/","title":{"rendered":"BOST"},"content":{"rendered":"<p>Long twill apron made from recycled polyester and recycled cotton. Adjustable strap closure. Side ties for tying. Two front pockets.<br \/>Composition: 65% recycled polyester and 35% recycled cotton, 250 g\/m\u00b2.<br \/>Remarks: * Removable Label<br \/>\n* One size fits most<br \/>\n* Size: 90 x 70 cm<br \/><img decoding=\"async\" src=\"https:\/\/static.gorfactory.es\/pics\/measures\/DE_HO.jpg\"><\/p>","protected":false},"excerpt":{"rendered":"<p>Delantal largo de sarga en poli\u00e9ster reciclado y algod\u00f3n reciclado. Tirante con cierre ajustador. Cintas laterales para lazada. Dos bolsillos frontales.Composici\u00f3n: 65% poli\u00e9ster reciclado y 35% algod\u00f3n reciclado, 250 g\/m\u00b2 .Observaciones: * Etiqueta Removible * Talla \u00fanica * Medida: 90 x 70 cm<\/p>","protected":false},"featured_media":47446,"comment_status":"open","ping_status":"closed","template":"","meta":[],"product_brand":[],"product_cat":[61,37],"product_tag":[],"class_list":{"0":"post-47445","1":"product","2":"type-product","3":"status-publish","4":"has-post-thumbnail","6":"product_cat-horeca","7":"product_cat-workwear","9":"first","10":"instock","11":"shipping-taxable","12":"purchasable","13":"product-type-variable"},"_links":{"self":[{"href":"https:\/\/publimag.es\/en\/wp-json\/wp\/v2\/product\/47445","targetHints":{"allow":["GET"]}}],"collection":[{"href":"https:\/\/publimag.es\/en\/wp-json\/wp\/v2\/product"}],"about":[{"href":"https:\/\/publimag.es\/en\/wp-json\/wp\/v2\/types\/product"}],"replies":[{"embeddable":true,"href":"https:\/\/publimag.es\/en\/wp-json\/wp\/v2\/comments?post=47445"}],"wp:featuredmedia":[{"embeddable":true,"href":"https:\/\/publimag.es\/en\/wp-json\/wp\/v2\/media\/47446"}],"wp:attachment":[{"href":"https:\/\/publimag.es\/en\/wp-json\/wp\/v2\/media?parent=47445"}],"wp:term":[{"taxonomy":"product_brand","embeddable":true,"href":"https:\/\/publimag.es\/en\/wp-json\/wp\/v2\/product_brand?post=47445"},{"taxonomy":"product_cat","embeddable":true,"href":"https:\/\/publimag.es\/en\/wp-json\/wp\/v2\/product_cat?post=47445"},{"taxonomy":"product_tag","embeddable":true,"href":"https:\/\/publimag.es\/en\/wp-json\/wp\/v2\/product_tag?post=47445"}],"curies":[{"name":"wp","href":"https:\/\/api.w.org\/{rel}","templated":true}]}}