{"id":47471,"date":"2025-07-18T16:07:14","date_gmt":"2025-07-18T14:07:14","guid":{"rendered":"https:\/\/publimag.es\/producto\/patty\/"},"modified":"2025-07-18T16:07:42","modified_gmt":"2025-07-18T14:07:42","slug":"patty","status":"publish","type":"product","link":"https:\/\/publimag.es\/en\/product\/patty\/","title":{"rendered":"PATTY"},"content":{"rendered":"<p>Falda pantal\u00f3n con cinturilla el\u00e1stica, tejido confortable y agradable al tacto. <br \/>Composici\u00f3n: 95% algod\u00f3n \/ 5% elastano, 220 g\/m\u00b2.<br \/>Remarks: *Removable label. <br \/><img decoding=\"async\" src=\"https:\/\/static.gorfactory.es\/pics\/measures\/FA_MU.jpg\"><\/p>","protected":false},"excerpt":{"rendered":"<p>Falda pantal\u00f3n con cinturilla el\u00e1stica, tejido confortable y agradable al tacto. Composici\u00f3n: 95% algod\u00f3n \/ 5% elastano, 220 g\/m\u00b2.Observaciones: *Etiqueta removible.<\/p>","protected":false},"featured_media":47472,"comment_status":"open","ping_status":"closed","template":"","meta":[],"product_brand":[],"product_cat":[30,25],"product_tag":[],"class_list":{"0":"post-47471","1":"product","2":"type-product","3":"status-publish","4":"has-post-thumbnail","6":"product_cat-pd","7":"product_cat-sports","9":"first","10":"instock","11":"shipping-taxable","12":"purchasable","13":"product-type-variable"},"_links":{"self":[{"href":"https:\/\/publimag.es\/en\/wp-json\/wp\/v2\/product\/47471","targetHints":{"allow":["GET"]}}],"collection":[{"href":"https:\/\/publimag.es\/en\/wp-json\/wp\/v2\/product"}],"about":[{"href":"https:\/\/publimag.es\/en\/wp-json\/wp\/v2\/types\/product"}],"replies":[{"embeddable":true,"href":"https:\/\/publimag.es\/en\/wp-json\/wp\/v2\/comments?post=47471"}],"wp:featuredmedia":[{"embeddable":true,"href":"https:\/\/publimag.es\/en\/wp-json\/wp\/v2\/media\/47472"}],"wp:attachment":[{"href":"https:\/\/publimag.es\/en\/wp-json\/wp\/v2\/media?parent=47471"}],"wp:term":[{"taxonomy":"product_brand","embeddable":true,"href":"https:\/\/publimag.es\/en\/wp-json\/wp\/v2\/product_brand?post=47471"},{"taxonomy":"product_cat","embeddable":true,"href":"https:\/\/publimag.es\/en\/wp-json\/wp\/v2\/product_cat?post=47471"},{"taxonomy":"product_tag","embeddable":true,"href":"https:\/\/publimag.es\/en\/wp-json\/wp\/v2\/product_tag?post=47471"}],"curies":[{"name":"wp","href":"https:\/\/api.w.org\/{rel}","templated":true}]}}