{"id":47486,"date":"2025-07-18T16:07:43","date_gmt":"2025-07-18T14:07:43","guid":{"rendered":"https:\/\/publimag.es\/producto\/ranger\/"},"modified":"2025-07-18T16:08:24","modified_gmt":"2025-07-18T14:08:24","slug":"ranger","status":"publish","type":"product","link":"https:\/\/publimag.es\/en\/product\/ranger\/","title":{"rendered":"RANGER"},"content":{"rendered":"<p>Long trousers in fire-resistant fabric.<br \/>\n\u00b7 Adjustable elastic waistband at the back.<br \/>\n\u00b7 Two front pockets.<br \/>\n\u00b7 Back pocket with flap and velcro closure.<br \/>Composition: 98% cotton \/ 2% carbon fiber, twill, 360 g\/m\u00b2.<br \/>Remarks: * Protection against heat and flame.<br \/>\n* Electrostatic properties.<br \/>\n* Protection against thermal risks from an electric arc.<br \/>\n* Protection during welding and related processes. <\/p>\n<p>CE certification according to the standards:<br \/>\nEN ISO 13688:2013\/A1:2021<br \/>\nEN ISO 11611:2015: A1 + A2 CLASS 1<br \/>\nEN ISO 11612:2015: A1 + A2, B1, C1, E3, F1<br \/>\nEN 1149-5:2018<br \/>\nEN 61482-2:2020: APC =1.<br \/>\n<br \/><img decoding=\"async\" src=\"https:\/\/static.gorfactory.es\/pics\/measures\/PA_HO.jpg\"><\/p>","protected":false},"excerpt":{"rendered":"<p>Pantal\u00f3n largo en tejido ign\u00edfugo. \u00b7 Cintura ajustable el\u00e1stica en parte trasera. \u00b7 Dos bolsillos frontales. \u00b7 Bolsillo trasero con tapeta y cierre velcro.Composici\u00f3n: 98% algod\u00f3n \/ 2% fibra de carbono, sarga, 360 g\/m\u00b2.Observaciones: * Protecci\u00f3n contra el calor y la llama. * Propiedades electroest\u00e1ticas. * Protecci\u00f3n contra los riesgos t\u00e9rmicos de un arco el\u00e9ctrico.&hellip;<\/p>","protected":false},"featured_media":47487,"comment_status":"open","ping_status":"closed","template":"","meta":[],"product_brand":[],"product_cat":[99,100,37],"product_tag":[],"class_list":{"0":"post-47486","1":"product","2":"type-product","3":"status-publish","4":"has-post-thumbnail","6":"product_cat-fire_retardant","7":"product_cat-industrypantalon","8":"product_cat-workwear","10":"first","11":"instock","12":"shipping-taxable","13":"purchasable","14":"product-type-variable"},"_links":{"self":[{"href":"https:\/\/publimag.es\/en\/wp-json\/wp\/v2\/product\/47486","targetHints":{"allow":["GET"]}}],"collection":[{"href":"https:\/\/publimag.es\/en\/wp-json\/wp\/v2\/product"}],"about":[{"href":"https:\/\/publimag.es\/en\/wp-json\/wp\/v2\/types\/product"}],"replies":[{"embeddable":true,"href":"https:\/\/publimag.es\/en\/wp-json\/wp\/v2\/comments?post=47486"}],"wp:featuredmedia":[{"embeddable":true,"href":"https:\/\/publimag.es\/en\/wp-json\/wp\/v2\/media\/47487"}],"wp:attachment":[{"href":"https:\/\/publimag.es\/en\/wp-json\/wp\/v2\/media?parent=47486"}],"wp:term":[{"taxonomy":"product_brand","embeddable":true,"href":"https:\/\/publimag.es\/en\/wp-json\/wp\/v2\/product_brand?post=47486"},{"taxonomy":"product_cat","embeddable":true,"href":"https:\/\/publimag.es\/en\/wp-json\/wp\/v2\/product_cat?post=47486"},{"taxonomy":"product_tag","embeddable":true,"href":"https:\/\/publimag.es\/en\/wp-json\/wp\/v2\/product_tag?post=47486"}],"curies":[{"name":"wp","href":"https:\/\/api.w.org\/{rel}","templated":true}]}}