{"id":47544,"date":"2025-07-18T16:09:23","date_gmt":"2025-07-18T14:09:23","guid":{"rendered":"https:\/\/publimag.es\/producto\/cruiser\/"},"modified":"2025-07-18T16:09:51","modified_gmt":"2025-07-18T14:09:51","slug":"cruiser","status":"publish","type":"product","link":"https:\/\/publimag.es\/en\/product\/cruiser\/","title":{"rendered":"CRUISER"},"content":{"rendered":"<p>Jacket in fireproof fabric.<br \/>\n\u00b7 Central flap with zipper and velcro closure.<br \/>\n\u00b7 Two front chest pockets with flap and Velcro closure.<br \/>\n\u00b7 Two side pockets with flap and button.<br \/>\n\u00b7 Waistband with elastic on the sides.<br \/>\n\u00b7 Elastic cuffs.<br \/>Composition: 98% cotton \/ 2% carbon fiber, twill, 360 g\/m\u00b2.<br \/>Remarks: * Protection against heat and flame.<br \/>\n* Electrostatic properties.<br \/>\n* Protection against thermal risks from an electric arc.<br \/>\n* Protection during welding and related processes. <\/p>\n<p>CE certification according to the standards:<br \/>\nEN ISO 13688:2013\/A1:2021<br \/>\nEN ISO 11611:2015: CLASS 1<br \/>\nEN ISO 11612:2015: A1, A2, B1, C1, E3, F1<br \/>\nEN 1149-5:2008<br \/>\nEN 61482-2-2020: APC =1.<br \/><img decoding=\"async\" src=\"https:\/\/static.gorfactory.es\/pics\/measures\/CQ_HOMU.jpg\"><\/p>","protected":false},"excerpt":{"rendered":"<p>Chaqueta en tejido ign\u00edfugo. \u00b7 Tapeta central con cremallera y cierre de velcro. \u00b7 Dos bolsillos frontales en pecho con tapeta y cierre de velcro. \u00b7 Dos bolsillos laterales con tapeta y bot\u00f3n. \u00b7 Cinturilla con goma el\u00e1stica en los laterales. \u00b7 Pu\u00f1os el\u00e1sticos.Composici\u00f3n: 98% algod\u00f3n \/ 2% fibra de carbono, sarga, 360 g\/m\u00b2.Observaciones: *&hellip;<\/p>","protected":false},"featured_media":47545,"comment_status":"open","ping_status":"closed","template":"","meta":[],"product_brand":[],"product_cat":[103,99,37],"product_tag":[],"class_list":{"0":"post-47544","1":"product","2":"type-product","3":"status-publish","4":"has-post-thumbnail","6":"product_cat-industryjackets","7":"product_cat-fire_retardant","8":"product_cat-workwear","10":"first","11":"instock","12":"shipping-taxable","13":"purchasable","14":"product-type-variable"},"_links":{"self":[{"href":"https:\/\/publimag.es\/en\/wp-json\/wp\/v2\/product\/47544","targetHints":{"allow":["GET"]}}],"collection":[{"href":"https:\/\/publimag.es\/en\/wp-json\/wp\/v2\/product"}],"about":[{"href":"https:\/\/publimag.es\/en\/wp-json\/wp\/v2\/types\/product"}],"replies":[{"embeddable":true,"href":"https:\/\/publimag.es\/en\/wp-json\/wp\/v2\/comments?post=47544"}],"wp:featuredmedia":[{"embeddable":true,"href":"https:\/\/publimag.es\/en\/wp-json\/wp\/v2\/media\/47545"}],"wp:attachment":[{"href":"https:\/\/publimag.es\/en\/wp-json\/wp\/v2\/media?parent=47544"}],"wp:term":[{"taxonomy":"product_brand","embeddable":true,"href":"https:\/\/publimag.es\/en\/wp-json\/wp\/v2\/product_brand?post=47544"},{"taxonomy":"product_cat","embeddable":true,"href":"https:\/\/publimag.es\/en\/wp-json\/wp\/v2\/product_cat?post=47544"},{"taxonomy":"product_tag","embeddable":true,"href":"https:\/\/publimag.es\/en\/wp-json\/wp\/v2\/product_tag?post=47544"}],"curies":[{"name":"wp","href":"https:\/\/api.w.org\/{rel}","templated":true}]}}