{"id":47603,"date":"2025-07-18T16:11:04","date_gmt":"2025-07-18T14:11:04","guid":{"rendered":"https:\/\/publimag.es\/producto\/fred\/"},"modified":"2025-07-18T16:11:35","modified_gmt":"2025-07-18T14:11:35","slug":"fred","status":"publish","type":"product","link":"https:\/\/publimag.es\/en\/product\/fred\/","title":{"rendered":"FRED"},"content":{"rendered":"<p>100% 5-panel cotton cap with adjustable buckle closure and matching embroidered ventilation holes. <br \/>Composition: 100% Cotton, 290 g\/m\u00b2<br \/>Remarks: Adult size: 57-59cm <br \/><img decoding=\"async\" src=\"https:\/\/static.gorfactory.es\/pics\/measures\/GO_HO.jpg\"><\/p>","protected":false},"excerpt":{"rendered":"<p>Gorra 100% algod\u00f3n de 5 paneles con cierre de hebilla ajustable y orificios de ventilaci\u00f3n bordados a conjunto. Composici\u00f3n: 100% Algod\u00f3n, 290 g\/m\u00b2Observaciones: Talla adulto: 57-59cm<\/p>","protected":false},"featured_media":47604,"comment_status":"open","ping_status":"closed","template":"","meta":[],"product_brand":[],"product_cat":[60,40],"product_tag":[],"class_list":{"0":"post-47603","1":"product","2":"type-product","3":"status-publish","4":"has-post-thumbnail","6":"product_cat-gor","7":"product_cat-other_products","9":"first","10":"instock","11":"shipping-taxable","12":"purchasable","13":"product-type-variable"},"_links":{"self":[{"href":"https:\/\/publimag.es\/en\/wp-json\/wp\/v2\/product\/47603","targetHints":{"allow":["GET"]}}],"collection":[{"href":"https:\/\/publimag.es\/en\/wp-json\/wp\/v2\/product"}],"about":[{"href":"https:\/\/publimag.es\/en\/wp-json\/wp\/v2\/types\/product"}],"replies":[{"embeddable":true,"href":"https:\/\/publimag.es\/en\/wp-json\/wp\/v2\/comments?post=47603"}],"wp:featuredmedia":[{"embeddable":true,"href":"https:\/\/publimag.es\/en\/wp-json\/wp\/v2\/media\/47604"}],"wp:attachment":[{"href":"https:\/\/publimag.es\/en\/wp-json\/wp\/v2\/media?parent=47603"}],"wp:term":[{"taxonomy":"product_brand","embeddable":true,"href":"https:\/\/publimag.es\/en\/wp-json\/wp\/v2\/product_brand?post=47603"},{"taxonomy":"product_cat","embeddable":true,"href":"https:\/\/publimag.es\/en\/wp-json\/wp\/v2\/product_cat?post=47603"},{"taxonomy":"product_tag","embeddable":true,"href":"https:\/\/publimag.es\/en\/wp-json\/wp\/v2\/product_tag?post=47603"}],"curies":[{"name":"wp","href":"https:\/\/api.w.org\/{rel}","templated":true}]}}