{"id":47643,"date":"2025-07-18T16:12:12","date_gmt":"2025-07-18T14:12:12","guid":{"rendered":"https:\/\/publimag.es\/producto\/panel\/"},"modified":"2025-07-18T16:13:05","modified_gmt":"2025-07-18T14:13:05","slug":"panel","status":"publish","type":"product","link":"https:\/\/publimag.es\/en\/product\/panel\/","title":{"rendered":"PANEL"},"content":{"rendered":"<p>6-panel cap with contrasting 100% cotton sandwich panel. Featuring 6 contrasting embroidered vents and 6 stitching lines on the visor. Interior sweatband. Velcro closure.<br \/>\n<br \/>Composition: 100% cotton, 260 g\/m\u00b2.<br \/>Remarks: *Removable label.<br \/>\n*Adult size: 57-59cm<br \/>\n*Child size: 54-56.  <br \/><img decoding=\"async\" src=\"https:\/\/static.gorfactory.es\/pics\/measures\/GO_HO.jpg\"><\/p>","protected":false},"excerpt":{"rendered":"<p>Gorra 6 paneles con s\u00e1ndwich a contraste 100% algod\u00f3n. Con 6 orificios de ventilaci\u00f3n bordados a contraste y 6 l\u00edneas de pespunte en visera. Cinta antisudoral en el interior. Con cierre de velcro. Composici\u00f3n: 100% algod\u00f3n, 260 g\/m\u00b2.Observaciones: *Etiqueta removible. *Talla adulto: 57-59cm *Talla ni\u00f1o: 54-56.<\/p>","protected":false},"featured_media":47644,"comment_status":"open","ping_status":"closed","template":"","meta":[],"product_brand":[],"product_cat":[60,40],"product_tag":[],"class_list":{"0":"post-47643","1":"product","2":"type-product","3":"status-publish","4":"has-post-thumbnail","6":"product_cat-gor","7":"product_cat-other_products","9":"first","10":"instock","11":"shipping-taxable","12":"purchasable","13":"product-type-variable"},"_links":{"self":[{"href":"https:\/\/publimag.es\/en\/wp-json\/wp\/v2\/product\/47643","targetHints":{"allow":["GET"]}}],"collection":[{"href":"https:\/\/publimag.es\/en\/wp-json\/wp\/v2\/product"}],"about":[{"href":"https:\/\/publimag.es\/en\/wp-json\/wp\/v2\/types\/product"}],"replies":[{"embeddable":true,"href":"https:\/\/publimag.es\/en\/wp-json\/wp\/v2\/comments?post=47643"}],"wp:featuredmedia":[{"embeddable":true,"href":"https:\/\/publimag.es\/en\/wp-json\/wp\/v2\/media\/47644"}],"wp:attachment":[{"href":"https:\/\/publimag.es\/en\/wp-json\/wp\/v2\/media?parent=47643"}],"wp:term":[{"taxonomy":"product_brand","embeddable":true,"href":"https:\/\/publimag.es\/en\/wp-json\/wp\/v2\/product_brand?post=47643"},{"taxonomy":"product_cat","embeddable":true,"href":"https:\/\/publimag.es\/en\/wp-json\/wp\/v2\/product_cat?post=47643"},{"taxonomy":"product_tag","embeddable":true,"href":"https:\/\/publimag.es\/en\/wp-json\/wp\/v2\/product_tag?post=47643"}],"curies":[{"name":"wp","href":"https:\/\/api.w.org\/{rel}","templated":true}]}}