{"id":47683,"date":"2025-07-18T16:13:05","date_gmt":"2025-07-18T14:13:05","guid":{"rendered":"https:\/\/publimag.es\/producto\/fides\/"},"modified":"2025-07-18T16:13:33","modified_gmt":"2025-07-18T14:13:33","slug":"fides","status":"publish","type":"product","link":"https:\/\/publimag.es\/en\/product\/fides\/","title":{"rendered":"FIDES"},"content":{"rendered":"<p>100% recycled cotton 5-panel cap. Adjustable Velcro closure and ventilation holes.<br \/>Composition: Recycled cotton, 180 g\/m\u00b2<br \/>Remarks: Removable label.<br \/>\nAdult size: 57-59cm <br \/><img decoding=\"async\" src=\"https:\/\/static.gorfactory.es\/pics\/measures\/GO_HO.jpg\"><\/p>","protected":false},"excerpt":{"rendered":"<p>Gorra de 5 paneles 100% algod\u00f3n reciclado. Cierre de velcro ajustable y orificios de ventilaci\u00f3n.Composici\u00f3n: Algod\u00f3n reciclado, 180 g\/m\u00b2Observaciones: Etiqueta removible. Talla adulto: 57-59cm<\/p>","protected":false},"featured_media":47684,"comment_status":"open","ping_status":"closed","template":"","meta":[],"product_brand":[],"product_cat":[60,40],"product_tag":[],"class_list":{"0":"post-47683","1":"product","2":"type-product","3":"status-publish","4":"has-post-thumbnail","6":"product_cat-gor","7":"product_cat-other_products","9":"first","10":"instock","11":"shipping-taxable","12":"purchasable","13":"product-type-variable"},"_links":{"self":[{"href":"https:\/\/publimag.es\/en\/wp-json\/wp\/v2\/product\/47683","targetHints":{"allow":["GET"]}}],"collection":[{"href":"https:\/\/publimag.es\/en\/wp-json\/wp\/v2\/product"}],"about":[{"href":"https:\/\/publimag.es\/en\/wp-json\/wp\/v2\/types\/product"}],"replies":[{"embeddable":true,"href":"https:\/\/publimag.es\/en\/wp-json\/wp\/v2\/comments?post=47683"}],"wp:featuredmedia":[{"embeddable":true,"href":"https:\/\/publimag.es\/en\/wp-json\/wp\/v2\/media\/47684"}],"wp:attachment":[{"href":"https:\/\/publimag.es\/en\/wp-json\/wp\/v2\/media?parent=47683"}],"wp:term":[{"taxonomy":"product_brand","embeddable":true,"href":"https:\/\/publimag.es\/en\/wp-json\/wp\/v2\/product_brand?post=47683"},{"taxonomy":"product_cat","embeddable":true,"href":"https:\/\/publimag.es\/en\/wp-json\/wp\/v2\/product_cat?post=47683"},{"taxonomy":"product_tag","embeddable":true,"href":"https:\/\/publimag.es\/en\/wp-json\/wp\/v2\/product_tag?post=47683"}],"curies":[{"name":"wp","href":"https:\/\/api.w.org\/{rel}","templated":true}]}}