{"id":47698,"date":"2025-07-18T16:13:33","date_gmt":"2025-07-18T14:13:33","guid":{"rendered":"https:\/\/publimag.es\/producto\/terra\/"},"modified":"2025-07-18T16:14:06","modified_gmt":"2025-07-18T14:14:06","slug":"terra","status":"publish","type":"product","link":"https:\/\/publimag.es\/en\/product\/terra\/","title":{"rendered":"EARTH"},"content":{"rendered":"<p>Gorra de estilo casual de 6 paneles. Parte interior de la visera y cinta antisudoral a contraste. Dos ojales met\u00e1licos en cada lateral. Cierre ajustable met\u00e1lico en la parte trasera. <br \/>Composition: 100% cotton, 260 g\/m\u00b2.<br \/>Remarks: *Removable label<br \/>\n*Adult size: 57-59cm <br \/><img decoding=\"async\" src=\"https:\/\/static.gorfactory.es\/pics\/measures\/GO_HO.jpg\"><\/p>","protected":false},"excerpt":{"rendered":"<p>Gorra de estilo casual de 6 paneles. Parte interior de la visera y cinta antisudoral a contraste. Dos ojales met\u00e1licos en cada lateral. Cierre ajustable met\u00e1lico en la parte trasera. Composici\u00f3n: 100% algod\u00f3n, 260 g\/m\u00b2.Observaciones: *Etiqueta removible *Talla adulto: 57-59cm<\/p>","protected":false},"featured_media":47699,"comment_status":"open","ping_status":"closed","template":"","meta":[],"product_brand":[],"product_cat":[60,40],"product_tag":[],"class_list":{"0":"post-47698","1":"product","2":"type-product","3":"status-publish","4":"has-post-thumbnail","6":"product_cat-gor","7":"product_cat-other_products","9":"first","10":"instock","11":"shipping-taxable","12":"purchasable","13":"product-type-variable"},"_links":{"self":[{"href":"https:\/\/publimag.es\/en\/wp-json\/wp\/v2\/product\/47698","targetHints":{"allow":["GET"]}}],"collection":[{"href":"https:\/\/publimag.es\/en\/wp-json\/wp\/v2\/product"}],"about":[{"href":"https:\/\/publimag.es\/en\/wp-json\/wp\/v2\/types\/product"}],"replies":[{"embeddable":true,"href":"https:\/\/publimag.es\/en\/wp-json\/wp\/v2\/comments?post=47698"}],"wp:featuredmedia":[{"embeddable":true,"href":"https:\/\/publimag.es\/en\/wp-json\/wp\/v2\/media\/47699"}],"wp:attachment":[{"href":"https:\/\/publimag.es\/en\/wp-json\/wp\/v2\/media?parent=47698"}],"wp:term":[{"taxonomy":"product_brand","embeddable":true,"href":"https:\/\/publimag.es\/en\/wp-json\/wp\/v2\/product_brand?post=47698"},{"taxonomy":"product_cat","embeddable":true,"href":"https:\/\/publimag.es\/en\/wp-json\/wp\/v2\/product_cat?post=47698"},{"taxonomy":"product_tag","embeddable":true,"href":"https:\/\/publimag.es\/en\/wp-json\/wp\/v2\/product_tag?post=47698"}],"curies":[{"name":"wp","href":"https:\/\/api.w.org\/{rel}","templated":true}]}}