{"id":47718,"date":"2025-07-18T16:14:06","date_gmt":"2025-07-18T14:14:06","guid":{"rendered":"https:\/\/publimag.es\/producto\/eris\/"},"modified":"2025-07-18T16:14:39","modified_gmt":"2025-07-18T14:14:39","slug":"eris","status":"publish","type":"product","link":"https:\/\/publimag.es\/en\/product\/eris\/","title":{"rendered":"ERIS"},"content":{"rendered":"<p>Gorra de 5 paneles 100% algod\u00f3n, con s\u00e1ndwich a contraste. Cuenta con 6 l\u00edneas de pespunte en la visera. Cuatro agujeros de ventilaci\u00f3n bordados a conjunto. Cinta interior antisudoral. Cierre de velcro.<br \/>\n<br \/>Composition: 100% cotton, 170 g\/m\u00b2.<br \/>\n<br \/>Observaciones: * Talla adulto: 57-59cm <br \/><img decoding=\"async\" src=\"https:\/\/static.gorfactory.es\/pics\/measures\/GO_HO.jpg\"><\/p>","protected":false},"excerpt":{"rendered":"<p>Gorra de 5 paneles 100% algod\u00f3n, con s\u00e1ndwich a contraste. Cuenta con 6 l\u00edneas de pespunte en la visera. Cuatro agujeros de ventilaci\u00f3n bordados a conjunto. Cinta interior antisudoral. Cierre de velcro. Composici\u00f3n: 100% algod\u00f3n, 170 g\/m\u00b2. Observaciones: * Talla adulto: 57-59cm<\/p>","protected":false},"featured_media":47719,"comment_status":"open","ping_status":"closed","template":"","meta":[],"product_brand":[],"product_cat":[60,40],"product_tag":[],"class_list":{"0":"post-47718","1":"product","2":"type-product","3":"status-publish","4":"has-post-thumbnail","6":"product_cat-gor","7":"product_cat-other_products","9":"first","10":"instock","11":"shipping-taxable","12":"purchasable","13":"product-type-variable"},"_links":{"self":[{"href":"https:\/\/publimag.es\/en\/wp-json\/wp\/v2\/product\/47718","targetHints":{"allow":["GET"]}}],"collection":[{"href":"https:\/\/publimag.es\/en\/wp-json\/wp\/v2\/product"}],"about":[{"href":"https:\/\/publimag.es\/en\/wp-json\/wp\/v2\/types\/product"}],"replies":[{"embeddable":true,"href":"https:\/\/publimag.es\/en\/wp-json\/wp\/v2\/comments?post=47718"}],"wp:featuredmedia":[{"embeddable":true,"href":"https:\/\/publimag.es\/en\/wp-json\/wp\/v2\/media\/47719"}],"wp:attachment":[{"href":"https:\/\/publimag.es\/en\/wp-json\/wp\/v2\/media?parent=47718"}],"wp:term":[{"taxonomy":"product_brand","embeddable":true,"href":"https:\/\/publimag.es\/en\/wp-json\/wp\/v2\/product_brand?post=47718"},{"taxonomy":"product_cat","embeddable":true,"href":"https:\/\/publimag.es\/en\/wp-json\/wp\/v2\/product_cat?post=47718"},{"taxonomy":"product_tag","embeddable":true,"href":"https:\/\/publimag.es\/en\/wp-json\/wp\/v2\/product_tag?post=47718"}],"curies":[{"name":"wp","href":"https:\/\/api.w.org\/{rel}","templated":true}]}}