{"id":47790,"date":"2025-07-18T16:16:03","date_gmt":"2025-07-18T14:16:03","guid":{"rendered":"https:\/\/publimag.es\/producto\/freya\/"},"modified":"2025-07-18T16:16:56","modified_gmt":"2025-07-18T14:16:56","slug":"freya","status":"publish","type":"product","link":"https:\/\/publimag.es\/en\/product\/freya\/","title":{"rendered":"FREYA"},"content":{"rendered":"<p>100% 5-panel cotton cap. With adjustable Velcro closure and ventilation holes. Available in two-tone or solid color, with matching embroidered holes.<br \/>Composition: Cotton, 170 g\/m\u00b2<br \/>Remarks: Removable label.<br \/>\nAdult size: 57-59cm.<br \/>\nChild size: 54-56cm.<br \/><img decoding=\"async\" src=\"https:\/\/static.gorfactory.es\/pics\/measures\/GO_HO.jpg\"><\/p>","protected":false},"excerpt":{"rendered":"<p>Gorra de 5 paneles 100% algod\u00f3n. Con cierre ajustable de velcro y orificios de ventilaci\u00f3n. Disponible en bicolor o color uniforme, con orificios bordados en color a conjunto.Composici\u00f3n: Algod\u00f3n, 170 g\/m\u00b2Observaciones: Etiqueta removible. Talla adulto: 57-59cm. Talla ni\u00f1o: 54-56cm.<\/p>","protected":false},"featured_media":47791,"comment_status":"open","ping_status":"closed","template":"","meta":[],"product_brand":[],"product_cat":[60,40],"product_tag":[],"class_list":{"0":"post-47790","1":"product","2":"type-product","3":"status-publish","4":"has-post-thumbnail","6":"product_cat-gor","7":"product_cat-other_products","9":"first","10":"instock","11":"shipping-taxable","12":"purchasable","13":"product-type-variable"},"_links":{"self":[{"href":"https:\/\/publimag.es\/en\/wp-json\/wp\/v2\/product\/47790","targetHints":{"allow":["GET"]}}],"collection":[{"href":"https:\/\/publimag.es\/en\/wp-json\/wp\/v2\/product"}],"about":[{"href":"https:\/\/publimag.es\/en\/wp-json\/wp\/v2\/types\/product"}],"replies":[{"embeddable":true,"href":"https:\/\/publimag.es\/en\/wp-json\/wp\/v2\/comments?post=47790"}],"wp:featuredmedia":[{"embeddable":true,"href":"https:\/\/publimag.es\/en\/wp-json\/wp\/v2\/media\/47791"}],"wp:attachment":[{"href":"https:\/\/publimag.es\/en\/wp-json\/wp\/v2\/media?parent=47790"}],"wp:term":[{"taxonomy":"product_brand","embeddable":true,"href":"https:\/\/publimag.es\/en\/wp-json\/wp\/v2\/product_brand?post=47790"},{"taxonomy":"product_cat","embeddable":true,"href":"https:\/\/publimag.es\/en\/wp-json\/wp\/v2\/product_cat?post=47790"},{"taxonomy":"product_tag","embeddable":true,"href":"https:\/\/publimag.es\/en\/wp-json\/wp\/v2\/product_tag?post=47790"}],"curies":[{"name":"wp","href":"https:\/\/api.w.org\/{rel}","templated":true}]}}