{"id":47916,"date":"2025-07-18T16:19:13","date_gmt":"2025-07-18T14:19:13","guid":{"rendered":"https:\/\/publimag.es\/producto\/rosmal\/"},"modified":"2025-07-18T16:19:32","modified_gmt":"2025-07-18T14:19:32","slug":"rosmal","status":"publish","type":"product","link":"https:\/\/publimag.es\/en\/product\/rosmal\/","title":{"rendered":"ROSMAL"},"content":{"rendered":"<p>Double-layer hat made from recycled RPET polyester, ideal for keeping your head warm with a sustainable approach.<br \/>Composition: Recycled polyester RPET<\/p>","protected":false},"excerpt":{"rendered":"<p>Gorro de doble capa fabricado en poli\u00e9ster reciclado RPET, ideal para mantener la cabeza abrigada con un enfoque sostenible.Composici\u00f3n: Poli\u00e9ster reciclado RPET<\/p>","protected":false},"featured_media":47917,"comment_status":"open","ping_status":"closed","template":"","meta":[],"product_brand":[],"product_cat":[60,40],"product_tag":[],"class_list":{"0":"post-47916","1":"product","2":"type-product","3":"status-publish","4":"has-post-thumbnail","6":"product_cat-gor","7":"product_cat-other_products","9":"first","10":"instock","11":"shipping-taxable","12":"purchasable","13":"product-type-variable"},"_links":{"self":[{"href":"https:\/\/publimag.es\/en\/wp-json\/wp\/v2\/product\/47916","targetHints":{"allow":["GET"]}}],"collection":[{"href":"https:\/\/publimag.es\/en\/wp-json\/wp\/v2\/product"}],"about":[{"href":"https:\/\/publimag.es\/en\/wp-json\/wp\/v2\/types\/product"}],"replies":[{"embeddable":true,"href":"https:\/\/publimag.es\/en\/wp-json\/wp\/v2\/comments?post=47916"}],"wp:featuredmedia":[{"embeddable":true,"href":"https:\/\/publimag.es\/en\/wp-json\/wp\/v2\/media\/47917"}],"wp:attachment":[{"href":"https:\/\/publimag.es\/en\/wp-json\/wp\/v2\/media?parent=47916"}],"wp:term":[{"taxonomy":"product_brand","embeddable":true,"href":"https:\/\/publimag.es\/en\/wp-json\/wp\/v2\/product_brand?post=47916"},{"taxonomy":"product_cat","embeddable":true,"href":"https:\/\/publimag.es\/en\/wp-json\/wp\/v2\/product_cat?post=47916"},{"taxonomy":"product_tag","embeddable":true,"href":"https:\/\/publimag.es\/en\/wp-json\/wp\/v2\/product_tag?post=47916"}],"curies":[{"name":"wp","href":"https:\/\/api.w.org\/{rel}","templated":true}]}}