{"id":47942,"date":"2025-07-18T16:19:52","date_gmt":"2025-07-18T14:19:52","guid":{"rendered":"https:\/\/publimag.es\/producto\/atala\/"},"modified":"2025-07-18T16:20:17","modified_gmt":"2025-07-18T14:20:17","slug":"atala","status":"publish","type":"product","link":"https:\/\/publimag.es\/en\/product\/atala\/","title":{"rendered":"ATALA"},"content":{"rendered":"<p>Cap with hair-catching mesh and short rigid visor.<br \/>\n\u00b7 Pleated on the front.<br \/>\n\u00b7 Breathable mesh with adjustable elastic in the back area.<br \/>Composition: Visor fabric: 65% polyester \/ 35% cotton, 200 g\/m\u00b2.<br \/>\nMesh fabric: 100% polyester, 70 g\/m\u00b2.<br \/>Remarks: * Removable label. <br \/><img decoding=\"async\" src=\"https:\/\/static.gorfactory.es\/pics\/measures\/GO_HO.jpg\"><\/p>","protected":false},"excerpt":{"rendered":"<p>Cofia con rejilla recoge pelo y visera corta r\u00edgida. \u00b7 Plisado en la parte frontal. \u00b7 Rejilla transpirable con el\u00e1stico adaptable en la zona posterior.Composici\u00f3n: Tejido visera: 65% poli\u00e9ster \/ 35% algod\u00f3n, 200 g\/m\u00b2. Tejido rejilla: 100% poli\u00e9ster, 70 g\/m\u00b2 .Observaciones: * Etiqueta removible.<\/p>","protected":false},"featured_media":47943,"comment_status":"open","ping_status":"closed","template":"","meta":[],"product_brand":[],"product_cat":[78,37],"product_tag":[],"class_list":{"0":"post-47942","1":"product","2":"type-product","3":"status-publish","4":"has-post-thumbnail","6":"product_cat-food","7":"product_cat-workwear","9":"first","10":"instock","11":"shipping-taxable","12":"purchasable","13":"product-type-variable"},"_links":{"self":[{"href":"https:\/\/publimag.es\/en\/wp-json\/wp\/v2\/product\/47942","targetHints":{"allow":["GET"]}}],"collection":[{"href":"https:\/\/publimag.es\/en\/wp-json\/wp\/v2\/product"}],"about":[{"href":"https:\/\/publimag.es\/en\/wp-json\/wp\/v2\/types\/product"}],"replies":[{"embeddable":true,"href":"https:\/\/publimag.es\/en\/wp-json\/wp\/v2\/comments?post=47942"}],"wp:featuredmedia":[{"embeddable":true,"href":"https:\/\/publimag.es\/en\/wp-json\/wp\/v2\/media\/47943"}],"wp:attachment":[{"href":"https:\/\/publimag.es\/en\/wp-json\/wp\/v2\/media?parent=47942"}],"wp:term":[{"taxonomy":"product_brand","embeddable":true,"href":"https:\/\/publimag.es\/en\/wp-json\/wp\/v2\/product_brand?post=47942"},{"taxonomy":"product_cat","embeddable":true,"href":"https:\/\/publimag.es\/en\/wp-json\/wp\/v2\/product_cat?post=47942"},{"taxonomy":"product_tag","embeddable":true,"href":"https:\/\/publimag.es\/en\/wp-json\/wp\/v2\/product_tag?post=47942"}],"curies":[{"name":"wp","href":"https:\/\/api.w.org\/{rel}","templated":true}]}}