{"id":48125,"date":"2025-07-18T16:23:49","date_gmt":"2025-07-18T14:23:49","guid":{"rendered":"https:\/\/publimag.es\/producto\/polaris\/"},"modified":"2025-07-18T16:24:57","modified_gmt":"2025-07-18T14:24:57","slug":"polaris","status":"publish","type":"product","link":"https:\/\/publimag.es\/en\/product\/polaris\/","title":{"rendered":"POLARIS"},"content":{"rendered":"<p>High visibility short-sleeved technical polo shirt.<br \/>\n\u00b7 1\u00d71 ribbed collar.<br \/>\n\u00b7 Placket with 3 buttons.<br \/>\n\u00b7 A reflective tape on the sleeves and two on the chest and back.<br \/>\n\u00b7 Anti-snag and easy-drying fabric. <br \/>Composition: 100% polyester piqu\u00e9, 170 g\/m\u00b2.<br \/>Remarks: *Optional pocket.<br \/>\nCE certification according to the standards:<br \/>\nEN ISO 13688:2013\/A1:2021<br \/>\nEN ISO 20471:2013\/A1:2016<br \/>\nClass I: 55221 \u2013 55223 \u2013 52221 \u2013 23221.<br \/>\nClass II: 221.<br \/>\n*Removable label.<br \/>\n*High visibility.<\/p>","protected":false},"excerpt":{"rendered":"<p>Polo t\u00e9cnico manga corta de alta visibilidad. \u00b7 Cuello en punto canal\u00e9 1&#215;1. \u00b7 Tapeta con 3 botones. \u00b7 Una cinta reflectante en mangas y dos en pecho y espalda. \u00b7 Tejido anti enganches y f\u00e1cil secado. Composici\u00f3n: 100% poli\u00e9ster piqu\u00e9, 170 g\/m\u00b2.Observaciones: *Bolsillo opcional. Certificaci\u00f3n CE seg\u00fan las normas: EN ISO 13688:2013\/A1:2021 EN ISO&hellip;<\/p>","protected":false},"featured_media":48126,"comment_status":"open","ping_status":"closed","template":"","meta":[],"product_brand":[],"product_cat":[64,93,37],"product_tag":[],"class_list":{"0":"post-48125","1":"product","2":"type-product","3":"status-publish","4":"has-post-thumbnail","6":"product_cat-highviz","7":"product_cat-highvispolo","8":"product_cat-workwear","10":"first","11":"instock","12":"shipping-taxable","13":"purchasable","14":"product-type-variable"},"_links":{"self":[{"href":"https:\/\/publimag.es\/en\/wp-json\/wp\/v2\/product\/48125","targetHints":{"allow":["GET"]}}],"collection":[{"href":"https:\/\/publimag.es\/en\/wp-json\/wp\/v2\/product"}],"about":[{"href":"https:\/\/publimag.es\/en\/wp-json\/wp\/v2\/types\/product"}],"replies":[{"embeddable":true,"href":"https:\/\/publimag.es\/en\/wp-json\/wp\/v2\/comments?post=48125"}],"wp:featuredmedia":[{"embeddable":true,"href":"https:\/\/publimag.es\/en\/wp-json\/wp\/v2\/media\/48126"}],"wp:attachment":[{"href":"https:\/\/publimag.es\/en\/wp-json\/wp\/v2\/media?parent=48125"}],"wp:term":[{"taxonomy":"product_brand","embeddable":true,"href":"https:\/\/publimag.es\/en\/wp-json\/wp\/v2\/product_brand?post=48125"},{"taxonomy":"product_cat","embeddable":true,"href":"https:\/\/publimag.es\/en\/wp-json\/wp\/v2\/product_cat?post=48125"},{"taxonomy":"product_tag","embeddable":true,"href":"https:\/\/publimag.es\/en\/wp-json\/wp\/v2\/product_tag?post=48125"}],"curies":[{"name":"wp","href":"https:\/\/api.w.org\/{rel}","templated":true}]}}