{"id":48280,"date":"2025-07-18T16:27:01","date_gmt":"2025-07-18T14:27:01","guid":{"rendered":"https:\/\/publimag.es\/producto\/altair\/"},"modified":"2025-07-18T16:28:13","modified_gmt":"2025-07-18T14:28:13","slug":"altair","status":"publish","type":"product","link":"https:\/\/publimag.es\/en\/product\/altair\/","title":{"rendered":"ALTAIR"},"content":{"rendered":"<p>High visibility fleece jacket.<br \/>\n\u00b7 Front zipper with chin guard.<br \/>\n\u00b7 Two front pockets with matching zippers and a chest pocket.<br \/>\n\u00b7 Two horizontal reflective strips on the torso and sleeves.<br \/>\n\u00b7 Elastic cuffs and adjusters inside the hem.  <br \/>Composition: 100% polyester, fleece, 300 g\/m\u00b2.<br \/>Remarks: CE certification according to standards:<br \/>\nEN ISO 13688:2013\/A1:2021<br \/>\nEN ISO 20471:2013\/A1:2016<br \/>\nClass II.<br \/>\n*High visibility.<br \/>\n*Windproof model.<\/p>","protected":false},"excerpt":{"rendered":"<p>Chaqueta polar de alta visibilidad. \u00b7 Cremallera frontal con protector de barbilla. \u00b7 Dos bolsillos frontales con cremallera a tono y un bolsillo en el pecho. \u00b7 Dos cintas reflectantes horizontales en torso y mangas. \u00b7 Pu\u00f1os el\u00e1sticos y ajustadores en el interior del bajo. Composici\u00f3n: 100% poli\u00e9ster, polar, 300 g\/m\u00b2.Observaciones: Certificaci\u00f3n CE seg\u00fan las&hellip;<\/p>","protected":false},"featured_media":48281,"comment_status":"open","ping_status":"closed","template":"","meta":[],"product_brand":[],"product_cat":[64,96,37],"product_tag":[],"class_list":{"0":"post-48280","1":"product","2":"type-product","3":"status-publish","4":"has-post-thumbnail","6":"product_cat-highviz","7":"product_cat-highvischaquetas","8":"product_cat-workwear","10":"first","11":"instock","12":"shipping-taxable","13":"purchasable","14":"product-type-variable"},"_links":{"self":[{"href":"https:\/\/publimag.es\/en\/wp-json\/wp\/v2\/product\/48280","targetHints":{"allow":["GET"]}}],"collection":[{"href":"https:\/\/publimag.es\/en\/wp-json\/wp\/v2\/product"}],"about":[{"href":"https:\/\/publimag.es\/en\/wp-json\/wp\/v2\/types\/product"}],"replies":[{"embeddable":true,"href":"https:\/\/publimag.es\/en\/wp-json\/wp\/v2\/comments?post=48280"}],"wp:featuredmedia":[{"embeddable":true,"href":"https:\/\/publimag.es\/en\/wp-json\/wp\/v2\/media\/48281"}],"wp:attachment":[{"href":"https:\/\/publimag.es\/en\/wp-json\/wp\/v2\/media?parent=48280"}],"wp:term":[{"taxonomy":"product_brand","embeddable":true,"href":"https:\/\/publimag.es\/en\/wp-json\/wp\/v2\/product_brand?post=48280"},{"taxonomy":"product_cat","embeddable":true,"href":"https:\/\/publimag.es\/en\/wp-json\/wp\/v2\/product_cat?post=48280"},{"taxonomy":"product_tag","embeddable":true,"href":"https:\/\/publimag.es\/en\/wp-json\/wp\/v2\/product_tag?post=48280"}],"curies":[{"name":"wp","href":"https:\/\/api.w.org\/{rel}","templated":true}]}}