{"id":48339,"date":"2025-07-18T16:28:13","date_gmt":"2025-07-18T14:28:13","guid":{"rendered":"https:\/\/publimag.es\/producto\/polaris-l-s\/"},"modified":"2025-07-18T16:29:18","modified_gmt":"2025-07-18T14:29:18","slug":"polaris-l-s","status":"publish","type":"product","link":"https:\/\/publimag.es\/en\/product\/polaris-l-s\/","title":{"rendered":"POLARIS L\/S"},"content":{"rendered":"<p>High visibility long-sleeved technical polo shirt.<br \/>\n\u00b7 1\u00d71 ribbed collar and cuffs.<br \/>\n\u00b7 Placket with 3 buttons.<br \/>\n\u00b7 Two reflective strips on sleeves, chest and back.<br \/>\n\u00b7 Anti-snag and easy-drying fabric. <br \/>Composition: 100% polyester piqu\u00e9, 170 g\/m\u00b2.<br \/>Remarks: *Optional pocket.<br \/>\nCE certification according to the standards:<br \/>\nEN ISO 13688:2013\/A1:2021<br \/>\nEN ISO 20471:2013\/A1:2016.<br \/>\nClass II.<br \/>\n*Removable label.<br \/>\n*High visibility. <\/p>","protected":false},"excerpt":{"rendered":"<p>Polo t\u00e9cnico manga larga de alta visibilidad. \u00b7 Cuello y pu\u00f1o en punto canal\u00e9 1&#215;1. \u00b7 Tapeta con 3 botones. \u00b7 Dos cintas reflectantes en mangas, pecho y espalda. \u00b7 Tejido anti enganches y f\u00e1cil secado. Composici\u00f3n: 100% poli\u00e9ster piqu\u00e9, 170 g\/m\u00b2.Observaciones: *Bolsillo opcional. Certificaci\u00f3n CE seg\u00fan las normas: EN ISO 13688:2013\/A1:2021 EN ISO 20471:2013\/A1:2016.&hellip;<\/p>","protected":false},"featured_media":48340,"comment_status":"open","ping_status":"closed","template":"","meta":[],"product_brand":[],"product_cat":[64,93,37],"product_tag":[],"class_list":{"0":"post-48339","1":"product","2":"type-product","3":"status-publish","4":"has-post-thumbnail","6":"product_cat-highviz","7":"product_cat-highvispolo","8":"product_cat-workwear","10":"first","11":"instock","12":"shipping-taxable","13":"purchasable","14":"product-type-variable"},"_links":{"self":[{"href":"https:\/\/publimag.es\/en\/wp-json\/wp\/v2\/product\/48339","targetHints":{"allow":["GET"]}}],"collection":[{"href":"https:\/\/publimag.es\/en\/wp-json\/wp\/v2\/product"}],"about":[{"href":"https:\/\/publimag.es\/en\/wp-json\/wp\/v2\/types\/product"}],"replies":[{"embeddable":true,"href":"https:\/\/publimag.es\/en\/wp-json\/wp\/v2\/comments?post=48339"}],"wp:featuredmedia":[{"embeddable":true,"href":"https:\/\/publimag.es\/en\/wp-json\/wp\/v2\/media\/48340"}],"wp:attachment":[{"href":"https:\/\/publimag.es\/en\/wp-json\/wp\/v2\/media?parent=48339"}],"wp:term":[{"taxonomy":"product_brand","embeddable":true,"href":"https:\/\/publimag.es\/en\/wp-json\/wp\/v2\/product_brand?post=48339"},{"taxonomy":"product_cat","embeddable":true,"href":"https:\/\/publimag.es\/en\/wp-json\/wp\/v2\/product_cat?post=48339"},{"taxonomy":"product_tag","embeddable":true,"href":"https:\/\/publimag.es\/en\/wp-json\/wp\/v2\/product_tag?post=48339"}],"curies":[{"name":"wp","href":"https:\/\/api.w.org\/{rel}","templated":true}]}}