{"id":48470,"date":"2025-07-18T16:31:00","date_gmt":"2025-07-18T14:31:00","guid":{"rendered":"https:\/\/publimag.es\/producto\/delta\/"},"modified":"2025-07-18T16:32:18","modified_gmt":"2025-07-18T14:32:18","slug":"delta","status":"publish","type":"product","link":"https:\/\/publimag.es\/en\/product\/delta\/","title":{"rendered":"DELTA"},"content":{"rendered":"<p>High-visibility short-sleeved technical T-shirt.<br \/>\n\u00b7 Round neck in the same fabric, with reinforced seam covers on the inside of the neck.<br \/>\n\u00b7 A reflective tape on the sleeves and two on the chest and back.<br \/>\n\u00b7 Breathable and easy to dry.<br \/>\n<br \/>Composition: 100% bird\u00b4s eye polyester, 130 g\/m\u00b2.<br \/>Remarks: CE certification according to standards:<br \/>\nEN ISO 13688:2013\/A1:2021<br \/>\nEN ISO 20471:2013\/A1:2016.<br \/>\nClass I: 55221 \u2013 55223 \u2013 52221 \u2013 23221.<br \/>\nClass II: 221 \u2013 223<br \/>\n*Technical fabric.<br \/>\n*High visibility.<br \/>\n*Breathable model. <\/p>","protected":false},"excerpt":{"rendered":"<p>Camiseta t\u00e9cnica de manga corta de alta visibilidad. \u00b7 Cuello redondo en el mismo tejido, con cubrecosturas reforzado en la parte interior del cuello. \u00b7 Una cinta reflectante en mangas y dos en pecho y espalda. \u00b7 Transpirable y f\u00e1cil secado. Composici\u00f3n: 100% poli\u00e9ster bird\u00b4s eye, 130 g\/m\u00b2.Observaciones: Certificaci\u00f3n CE seg\u00fan las normas: EN ISO&hellip;<\/p>","protected":false},"featured_media":48471,"comment_status":"open","ping_status":"closed","template":"","meta":[],"product_brand":[],"product_cat":[64,97,37],"product_tag":[],"class_list":{"0":"post-48470","1":"product","2":"type-product","3":"status-publish","4":"has-post-thumbnail","6":"product_cat-highviz","7":"product_cat-highvistshirts","8":"product_cat-workwear","10":"first","11":"instock","12":"shipping-taxable","13":"purchasable","14":"product-type-variable"},"_links":{"self":[{"href":"https:\/\/publimag.es\/en\/wp-json\/wp\/v2\/product\/48470","targetHints":{"allow":["GET"]}}],"collection":[{"href":"https:\/\/publimag.es\/en\/wp-json\/wp\/v2\/product"}],"about":[{"href":"https:\/\/publimag.es\/en\/wp-json\/wp\/v2\/types\/product"}],"replies":[{"embeddable":true,"href":"https:\/\/publimag.es\/en\/wp-json\/wp\/v2\/comments?post=48470"}],"wp:featuredmedia":[{"embeddable":true,"href":"https:\/\/publimag.es\/en\/wp-json\/wp\/v2\/media\/48471"}],"wp:attachment":[{"href":"https:\/\/publimag.es\/en\/wp-json\/wp\/v2\/media?parent=48470"}],"wp:term":[{"taxonomy":"product_brand","embeddable":true,"href":"https:\/\/publimag.es\/en\/wp-json\/wp\/v2\/product_brand?post=48470"},{"taxonomy":"product_cat","embeddable":true,"href":"https:\/\/publimag.es\/en\/wp-json\/wp\/v2\/product_cat?post=48470"},{"taxonomy":"product_tag","embeddable":true,"href":"https:\/\/publimag.es\/en\/wp-json\/wp\/v2\/product_tag?post=48470"}],"curies":[{"name":"wp","href":"https:\/\/api.w.org\/{rel}","templated":true}]}}