{"id":48633,"date":"2025-07-18T16:34:21","date_gmt":"2025-07-18T14:34:21","guid":{"rendered":"https:\/\/publimag.es\/producto\/spica\/"},"modified":"2025-07-18T16:35:29","modified_gmt":"2025-07-18T14:35:29","slug":"spica","status":"publish","type":"product","link":"https:\/\/publimag.es\/en\/product\/spica\/","title":{"rendered":"SPICA"},"content":{"rendered":"<p>High visibility half zip sweatshirt.<br \/>\n\u00b7 High collar with chin guard and pull tab.<br \/>\n\u00b7 Reinforced covered seams on the inside of the neck.<br \/>\n\u00b7 Two horizontal reflective strips on the torso and sleeves.<br \/>\n\u00b7 1\u00d71 ribbed knit on cuffs and hem. <br \/>Composition: 100% polyester, brushed fleece, 280 g\/m\u00b2.<br \/>Observations: \u00b7 Removable label.<br \/>\nCE certification according to the standards:<br \/>\nEN ISO 13688:2013\/A1:2021<br \/>\nEN ISO 20471:2013\/A1:2016<br \/>\nClass I: 601221-55221-55223-52221-23221<br \/>\nClass II: 221<br \/><img decoding=\"async\" src=\"https:\/\/static.gorfactory.es\/pics\/measures\/SU_HO.jpg\"><\/p>","protected":false},"excerpt":{"rendered":"<p>Sudadera de alta visibilidad con media cremallera. \u00b7 Cuello alto con protector de barbilla y tirador. \u00b7 Cubrecosturas reforzado en el interior del cuello. \u00b7 Dos cintas reflectantes horizontales en torso y mangas. \u00b7 Punto canal\u00e9 1&#215;1 en pu\u00f1os y bajo. Composici\u00f3n: 100% poli\u00e9ster, felpa perchada, 280 g\/m\u00b2.Observaciones: \u00b7 Etiqueta removible. Certificaci\u00f3n CE seg\u00fan las&hellip;<\/p>","protected":false},"featured_media":48634,"comment_status":"open","ping_status":"closed","template":"","meta":[],"product_brand":[],"product_cat":[64,98,37],"product_tag":[],"class_list":{"0":"post-48633","1":"product","2":"type-product","3":"status-publish","4":"has-post-thumbnail","6":"product_cat-highviz","7":"product_cat-highvisjackets","8":"product_cat-workwear","10":"first","11":"instock","12":"shipping-taxable","13":"purchasable","14":"product-type-variable"},"_links":{"self":[{"href":"https:\/\/publimag.es\/en\/wp-json\/wp\/v2\/product\/48633","targetHints":{"allow":["GET"]}}],"collection":[{"href":"https:\/\/publimag.es\/en\/wp-json\/wp\/v2\/product"}],"about":[{"href":"https:\/\/publimag.es\/en\/wp-json\/wp\/v2\/types\/product"}],"replies":[{"embeddable":true,"href":"https:\/\/publimag.es\/en\/wp-json\/wp\/v2\/comments?post=48633"}],"wp:featuredmedia":[{"embeddable":true,"href":"https:\/\/publimag.es\/en\/wp-json\/wp\/v2\/media\/48634"}],"wp:attachment":[{"href":"https:\/\/publimag.es\/en\/wp-json\/wp\/v2\/media?parent=48633"}],"wp:term":[{"taxonomy":"product_brand","embeddable":true,"href":"https:\/\/publimag.es\/en\/wp-json\/wp\/v2\/product_brand?post=48633"},{"taxonomy":"product_cat","embeddable":true,"href":"https:\/\/publimag.es\/en\/wp-json\/wp\/v2\/product_cat?post=48633"},{"taxonomy":"product_tag","embeddable":true,"href":"https:\/\/publimag.es\/en\/wp-json\/wp\/v2\/product_tag?post=48633"}],"curies":[{"name":"wp","href":"https:\/\/api.w.org\/{rel}","templated":true}]}}