{"id":48707,"date":"2025-07-18T16:35:56","date_gmt":"2025-07-18T14:35:56","guid":{"rendered":"https:\/\/publimag.es\/producto\/vega-ls\/"},"modified":"2025-07-18T16:36:27","modified_gmt":"2025-07-18T14:36:27","slug":"vega-ls","status":"publish","type":"product","link":"https:\/\/publimag.es\/en\/product\/vega-ls\/","title":{"rendered":"VEGA LS"},"content":{"rendered":"<p>High-visibility long-sleeved technical polo shirt.<br \/>\n\u00b7 1\u00d71 ribbed collar and cuffs.<br \/>\n\u00b7 Dos cintas reflectantes segmentadas en torso y manga.<br \/>\n\u00b7 Placket with 3 contrasting buttons.<br \/>\n\u00b7 Anti-snag and easy-drying fabric.<br \/>\n<br \/>Composici\u00f3n: 100% poli\u00e9ster bird`s eye, 170 g\/m\u00b2.<br \/>\n<br \/>Observations: \u00b7 Removable label.<br \/>\n\u00b7 Optional pocket.<br \/>\nCE certification according to the standards:<br \/>\nEN ISO 13688:2013\/A1:2021<br \/>\nEN ISO 20471:2013\/A1:2016.<br \/>\nClase I<br \/><img decoding=\"async\" src=\"https:\/\/static.gorfactory.es\/pics\/measures\/PO_MC_HO.jpg\"><\/p>","protected":false},"excerpt":{"rendered":"<p>Polo t\u00e9cnico de alta visibilidad en manga larga. \u00b7 Cuello y pu\u00f1o en punto canal\u00e9 1&#215;1. \u00b7 Dos cintas reflectantes segmentadas en torso y manga. \u00b7 Tapeta con 3 botones a contraste. \u00b7 Tejido anti enganches y f\u00e1cil secado. Composici\u00f3n: 100% poli\u00e9ster bird`s eye, 170 g\/m\u00b2. Observaciones: \u00b7 Etiqueta removible. \u00b7 Bolsillo opcional. Certificaci\u00f3n CE&hellip;<\/p>","protected":false},"featured_media":48708,"comment_status":"open","ping_status":"closed","template":"","meta":[],"product_brand":[],"product_cat":[64,93,37],"product_tag":[],"class_list":{"0":"post-48707","1":"product","2":"type-product","3":"status-publish","4":"has-post-thumbnail","6":"product_cat-highviz","7":"product_cat-highvispolo","8":"product_cat-workwear","10":"first","11":"instock","12":"shipping-taxable","13":"purchasable","14":"product-type-variable"},"_links":{"self":[{"href":"https:\/\/publimag.es\/en\/wp-json\/wp\/v2\/product\/48707","targetHints":{"allow":["GET"]}}],"collection":[{"href":"https:\/\/publimag.es\/en\/wp-json\/wp\/v2\/product"}],"about":[{"href":"https:\/\/publimag.es\/en\/wp-json\/wp\/v2\/types\/product"}],"replies":[{"embeddable":true,"href":"https:\/\/publimag.es\/en\/wp-json\/wp\/v2\/comments?post=48707"}],"wp:featuredmedia":[{"embeddable":true,"href":"https:\/\/publimag.es\/en\/wp-json\/wp\/v2\/media\/48708"}],"wp:attachment":[{"href":"https:\/\/publimag.es\/en\/wp-json\/wp\/v2\/media?parent=48707"}],"wp:term":[{"taxonomy":"product_brand","embeddable":true,"href":"https:\/\/publimag.es\/en\/wp-json\/wp\/v2\/product_brand?post=48707"},{"taxonomy":"product_cat","embeddable":true,"href":"https:\/\/publimag.es\/en\/wp-json\/wp\/v2\/product_cat?post=48707"},{"taxonomy":"product_tag","embeddable":true,"href":"https:\/\/publimag.es\/en\/wp-json\/wp\/v2\/product_tag?post=48707"}],"curies":[{"name":"wp","href":"https:\/\/api.w.org\/{rel}","templated":true}]}}