{"id":48724,"date":"2025-07-18T16:36:27","date_gmt":"2025-07-18T14:36:27","guid":{"rendered":"https:\/\/publimag.es\/producto\/tauri\/"},"modified":"2025-07-18T16:37:47","modified_gmt":"2025-07-18T14:37:47","slug":"tauri","status":"publish","type":"product","link":"https:\/\/publimag.es\/en\/product\/tauri\/","title":{"rendered":"TAURI"},"content":{"rendered":"<p>Camiseta t\u00e9cnica de alta visibilidad de manga corta.<br \/>\n\u00b7 Cuello redondo en tejido principal.<br \/>\n\u00b7 Dos cintas reflectantes segmentadas en torso y una en mangas.<br \/>\n\u00b7 Tejido mezcla en poli\u00e9ster y algod\u00f3n para mayor comodidad y transpirabilidad.<br \/>Composition: 55% Cotton and 45% Polyester, 170 g\/m\u00b2<br \/>Remarks: CE certification according to standards:<br \/>\nEN ISO 13688:2013\/A1:2021<br \/>\nEN ISO 20471:2013\/A1:2016.<br \/>\nClass I: 55221 \u2013 55223 \u2013 52221 \u2013 23221.<br \/>\nClase II: 221 &#8211; 223. <br \/><img decoding=\"async\" src=\"https:\/\/static.gorfactory.es\/pics\/measures\/CA_MC_HO.jpg\"><\/p>","protected":false},"excerpt":{"rendered":"<p>Camiseta t\u00e9cnica de alta visibilidad de manga corta. \u00b7 Cuello redondo en tejido principal. \u00b7 Dos cintas reflectantes segmentadas en torso y una en mangas. \u00b7 Tejido mezcla en poli\u00e9ster y algod\u00f3n para mayor comodidad y transpirabilidad.Composici\u00f3n: 55% Algod\u00f3n y 45% poli\u00e9ster, 170 g\/m\u00b2Observaciones: Certificaci\u00f3n CE seg\u00fan las normas: EN ISO 13688:2013\/A1:2021 EN ISO 20471:2013\/A1:2016.&hellip;<\/p>","protected":false},"featured_media":48725,"comment_status":"open","ping_status":"closed","template":"","meta":[],"product_brand":[],"product_cat":[64,97,37],"product_tag":[],"class_list":{"0":"post-48724","1":"product","2":"type-product","3":"status-publish","4":"has-post-thumbnail","6":"product_cat-highviz","7":"product_cat-highvistshirts","8":"product_cat-workwear","10":"first","11":"instock","12":"shipping-taxable","13":"purchasable","14":"product-type-variable"},"_links":{"self":[{"href":"https:\/\/publimag.es\/en\/wp-json\/wp\/v2\/product\/48724","targetHints":{"allow":["GET"]}}],"collection":[{"href":"https:\/\/publimag.es\/en\/wp-json\/wp\/v2\/product"}],"about":[{"href":"https:\/\/publimag.es\/en\/wp-json\/wp\/v2\/types\/product"}],"replies":[{"embeddable":true,"href":"https:\/\/publimag.es\/en\/wp-json\/wp\/v2\/comments?post=48724"}],"wp:featuredmedia":[{"embeddable":true,"href":"https:\/\/publimag.es\/en\/wp-json\/wp\/v2\/media\/48725"}],"wp:attachment":[{"href":"https:\/\/publimag.es\/en\/wp-json\/wp\/v2\/media?parent=48724"}],"wp:term":[{"taxonomy":"product_brand","embeddable":true,"href":"https:\/\/publimag.es\/en\/wp-json\/wp\/v2\/product_brand?post=48724"},{"taxonomy":"product_cat","embeddable":true,"href":"https:\/\/publimag.es\/en\/wp-json\/wp\/v2\/product_cat?post=48724"},{"taxonomy":"product_tag","embeddable":true,"href":"https:\/\/publimag.es\/en\/wp-json\/wp\/v2\/product_tag?post=48724"}],"curies":[{"name":"wp","href":"https:\/\/api.w.org\/{rel}","templated":true}]}}