{"id":48794,"date":"2025-07-18T16:37:57","date_gmt":"2025-07-18T14:37:57","guid":{"rendered":"https:\/\/publimag.es\/producto\/atrio-ls\/"},"modified":"2025-07-18T16:39:15","modified_gmt":"2025-07-18T14:39:15","slug":"atrio-ls","status":"publish","type":"product","link":"https:\/\/publimag.es\/en\/product\/atrio-ls\/","title":{"rendered":"ATRIUM LS"},"content":{"rendered":"<p>High-visibility long-sleeved technical polo shirt.<br \/>\n\u00b7 1\u00d71 ribbed collar.<br \/>\n\u00b7 Placket with 3 contrasting buttons.<br \/>\n\u00b7 Two segmented reflective strips on the torso and sleeves.<br \/>\n\u00b7 Polyester and cotton blend fabric for greater comfort and breathability.<br \/>\n\u00b7 Optional pocket.<br \/>Composition: 55% cotton and 45% polyester, 170 g\/m\u00b2<br \/>Remarks: CE certification according to standards:<br \/>\nEN ISO 13688:2013\/A1:2021<br \/>\nEN ISO 20471:2013\/A1:2016.<br \/>\nClass I: 55221 \u2013 55223 \u2013 52221 \u2013 23221.<br \/>\nClass II: 221 \u2013 223<br \/><img decoding=\"async\" src=\"https:\/\/static.gorfactory.es\/pics\/measures\/PO_MC_HO.jpg\"><\/p>","protected":false},"excerpt":{"rendered":"<p>Polo t\u00e9cnico de alta visibilidad en manga larga. \u00b7 Cuello en punto canal\u00e9 1&#215;1. \u00b7 Tapeta con 3 botones a contraste. \u00b7 Dos cintas reflectantes segmentadas en torso y mangas. \u00b7 Tejido mezcla poli\u00e9ster y algod\u00f3n para mayor comodidad y transpirabilidad. \u00b7 Bolsillo opcional.Composici\u00f3n: 55% algod\u00f3n y 45% poli\u00e9ster, 170 g\/m\u00b2Observaciones: Certificaci\u00f3n CE seg\u00fan las&hellip;<\/p>","protected":false},"featured_media":48795,"comment_status":"open","ping_status":"closed","template":"","meta":[],"product_brand":[],"product_cat":[64,93,37],"product_tag":[],"class_list":{"0":"post-48794","1":"product","2":"type-product","3":"status-publish","4":"has-post-thumbnail","6":"product_cat-highviz","7":"product_cat-highvispolo","8":"product_cat-workwear","10":"first","11":"instock","12":"shipping-taxable","13":"purchasable","14":"product-type-variable"},"_links":{"self":[{"href":"https:\/\/publimag.es\/en\/wp-json\/wp\/v2\/product\/48794","targetHints":{"allow":["GET"]}}],"collection":[{"href":"https:\/\/publimag.es\/en\/wp-json\/wp\/v2\/product"}],"about":[{"href":"https:\/\/publimag.es\/en\/wp-json\/wp\/v2\/types\/product"}],"replies":[{"embeddable":true,"href":"https:\/\/publimag.es\/en\/wp-json\/wp\/v2\/comments?post=48794"}],"wp:featuredmedia":[{"embeddable":true,"href":"https:\/\/publimag.es\/en\/wp-json\/wp\/v2\/media\/48795"}],"wp:attachment":[{"href":"https:\/\/publimag.es\/en\/wp-json\/wp\/v2\/media?parent=48794"}],"wp:term":[{"taxonomy":"product_brand","embeddable":true,"href":"https:\/\/publimag.es\/en\/wp-json\/wp\/v2\/product_brand?post=48794"},{"taxonomy":"product_cat","embeddable":true,"href":"https:\/\/publimag.es\/en\/wp-json\/wp\/v2\/product_cat?post=48794"},{"taxonomy":"product_tag","embeddable":true,"href":"https:\/\/publimag.es\/en\/wp-json\/wp\/v2\/product_tag?post=48794"}],"curies":[{"name":"wp","href":"https:\/\/api.w.org\/{rel}","templated":true}]}}