{"id":49075,"date":"2025-07-18T16:43:27","date_gmt":"2025-07-18T14:43:27","guid":{"rendered":"https:\/\/publimag.es\/producto\/hilux\/"},"modified":"2025-07-18T16:44:09","modified_gmt":"2025-07-18T14:44:09","slug":"hilux","status":"publish","type":"product","link":"https:\/\/publimag.es\/en\/product\/hilux\/","title":{"rendered":"HILUX"},"content":{"rendered":"<p>Men&#039;s V-neck sweater in fine knit.<br \/>\nFinished in 1x1 tone-on-tone rib knit on the neckline, cuffs and hem.<br \/>Composition: 50% viscose \/ 28% polyester \/ 22% polyamide, GG12<br \/><img decoding=\"async\" src=\"https:\/\/static.gorfactory.es\/pics\/measures\/CL_HO.jpg\"><\/p>","protected":false},"excerpt":{"rendered":"<p>Jersey para hombre con escote de pico en punto fino. Acabado en punto de canal\u00e9 1&#215;1 al tono en escote, pu\u00f1os y bajo.Composici\u00f3n: 50% viscosa \/ 28% poli\u00e9ster \/ 22% poliamida, GG12<\/p>","protected":false},"featured_media":49076,"comment_status":"open","ping_status":"closed","template":"","meta":[],"product_brand":[],"product_cat":[62,61,37],"product_tag":[],"class_list":{"0":"post-49075","1":"product","2":"type-product","3":"status-publish","4":"has-post-thumbnail","6":"product_cat-horecachaqueta","7":"product_cat-horeca","8":"product_cat-workwear","10":"first","11":"instock","12":"shipping-taxable","13":"purchasable","14":"product-type-variable"},"_links":{"self":[{"href":"https:\/\/publimag.es\/en\/wp-json\/wp\/v2\/product\/49075","targetHints":{"allow":["GET"]}}],"collection":[{"href":"https:\/\/publimag.es\/en\/wp-json\/wp\/v2\/product"}],"about":[{"href":"https:\/\/publimag.es\/en\/wp-json\/wp\/v2\/types\/product"}],"replies":[{"embeddable":true,"href":"https:\/\/publimag.es\/en\/wp-json\/wp\/v2\/comments?post=49075"}],"wp:featuredmedia":[{"embeddable":true,"href":"https:\/\/publimag.es\/en\/wp-json\/wp\/v2\/media\/49076"}],"wp:attachment":[{"href":"https:\/\/publimag.es\/en\/wp-json\/wp\/v2\/media?parent=49075"}],"wp:term":[{"taxonomy":"product_brand","embeddable":true,"href":"https:\/\/publimag.es\/en\/wp-json\/wp\/v2\/product_brand?post=49075"},{"taxonomy":"product_cat","embeddable":true,"href":"https:\/\/publimag.es\/en\/wp-json\/wp\/v2\/product_cat?post=49075"},{"taxonomy":"product_tag","embeddable":true,"href":"https:\/\/publimag.es\/en\/wp-json\/wp\/v2\/product_tag?post=49075"}],"curies":[{"name":"wp","href":"https:\/\/api.w.org\/{rel}","templated":true}]}}