{"id":49253,"date":"2025-07-18T16:47:35","date_gmt":"2025-07-18T14:47:35","guid":{"rendered":"https:\/\/publimag.es\/producto\/leire\/"},"modified":"2025-07-18T16:48:28","modified_gmt":"2025-07-18T14:48:28","slug":"leire","status":"publish","type":"product","link":"https:\/\/publimag.es\/en\/product\/leire\/","title":{"rendered":"LEIRE"},"content":{"rendered":"<p>Leggings. Long tights with elastic waistband and side seams. Anatomical design. Extra-soft texture. <br \/>Composition: 92% cotton \/ 8% elastane, single jersey, 270 g\/m\u00b2.<br \/>\nColor grey vigor\u00e9 58: 81% cotton \/ 13% viscose \/ 6% elastane.<br \/>Remarks: *Removable label.<br \/>\n*Available in children&#039;s sizes.<br \/><img decoding=\"async\" src=\"https:\/\/static.gorfactory.es\/pics\/measures\/LG0405.jpg\"><\/p>","protected":false},"excerpt":{"rendered":"<p>Leggings. Malla larga con cinturilla el\u00e1stica y costuras laterales. Dise\u00f1o anat\u00f3mico. Textura extra suave. Composici\u00f3n: 92% algod\u00f3n \/ 8% elastano, punto liso, 270 g\/m\u00b2. Color gris vigor\u00e9 58: 81% algod\u00f3n \/ 13% viscosa \/ 6% elastano.Observaciones: *Etiqueta removible. *Disponible en tallas infantiles.<\/p>","protected":false},"featured_media":49254,"comment_status":"open","ping_status":"closed","template":"","meta":[],"product_brand":[],"product_cat":[39,30,25,37],"product_tag":[],"class_list":{"0":"post-49253","1":"product","2":"type-product","3":"status-publish","4":"has-post-thumbnail","6":"product_cat-basic","7":"product_cat-pd","8":"product_cat-sports","9":"product_cat-workwear","11":"first","12":"instock","13":"shipping-taxable","14":"purchasable","15":"product-type-variable"},"_links":{"self":[{"href":"https:\/\/publimag.es\/en\/wp-json\/wp\/v2\/product\/49253","targetHints":{"allow":["GET"]}}],"collection":[{"href":"https:\/\/publimag.es\/en\/wp-json\/wp\/v2\/product"}],"about":[{"href":"https:\/\/publimag.es\/en\/wp-json\/wp\/v2\/types\/product"}],"replies":[{"embeddable":true,"href":"https:\/\/publimag.es\/en\/wp-json\/wp\/v2\/comments?post=49253"}],"wp:featuredmedia":[{"embeddable":true,"href":"https:\/\/publimag.es\/en\/wp-json\/wp\/v2\/media\/49254"}],"wp:attachment":[{"href":"https:\/\/publimag.es\/en\/wp-json\/wp\/v2\/media?parent=49253"}],"wp:term":[{"taxonomy":"product_brand","embeddable":true,"href":"https:\/\/publimag.es\/en\/wp-json\/wp\/v2\/product_brand?post=49253"},{"taxonomy":"product_cat","embeddable":true,"href":"https:\/\/publimag.es\/en\/wp-json\/wp\/v2\/product_cat?post=49253"},{"taxonomy":"product_tag","embeddable":true,"href":"https:\/\/publimag.es\/en\/wp-json\/wp\/v2\/product_tag?post=49253"}],"curies":[{"name":"wp","href":"https:\/\/api.w.org\/{rel}","templated":true}]}}