{"id":49296,"date":"2025-07-18T16:48:29","date_gmt":"2025-07-18T14:48:29","guid":{"rendered":"https:\/\/publimag.es\/producto\/bristol\/"},"modified":"2025-07-18T16:49:06","modified_gmt":"2025-07-18T14:49:06","slug":"bristol","status":"publish","type":"product","link":"https:\/\/publimag.es\/en\/product\/bristol\/","title":{"rendered":"BRISTOL BOARD"},"content":{"rendered":"<p>Men&#039;s breathable long-sleeved sports tights with an elastic waistband and an interior crossover drawcord for easy adjustment. Reflective details. Zippered exterior back pocket. Stretchy, form-fitting fabric.<br \/>\n<br \/>Composition: 88% polyester interlock \/ 12% elastane, 280 g\/m\u00b2.<br \/>Observations: Breathable, easy-drying model.<br \/>\n*Removable label.<\/p>","protected":false},"excerpt":{"rendered":"<p>Malla larga deportiva transpirable para hombre con cinturilla el\u00e1stica y cord\u00f3n interior cruzado para facilitar ajuste. Detalles reflectantes. Bolsillo exterior trasero con cremallera. Tejido el\u00e1stico y adaptable al cuerpo. Composici\u00f3n: 88% poli\u00e9ster interlock \/ 12% elastano, 280 g\/m\u00b2.Observaciones: Modelo transpirable de facil secado. *Etiqueta removible.<\/p>","protected":false},"featured_media":49297,"comment_status":"open","ping_status":"closed","template":"","meta":[],"product_brand":[],"product_cat":[30,25],"product_tag":[],"class_list":{"0":"post-49296","1":"product","2":"type-product","3":"status-publish","4":"has-post-thumbnail","6":"product_cat-pd","7":"product_cat-sports","9":"first","10":"instock","11":"shipping-taxable","12":"purchasable","13":"product-type-variable"},"_links":{"self":[{"href":"https:\/\/publimag.es\/en\/wp-json\/wp\/v2\/product\/49296","targetHints":{"allow":["GET"]}}],"collection":[{"href":"https:\/\/publimag.es\/en\/wp-json\/wp\/v2\/product"}],"about":[{"href":"https:\/\/publimag.es\/en\/wp-json\/wp\/v2\/types\/product"}],"replies":[{"embeddable":true,"href":"https:\/\/publimag.es\/en\/wp-json\/wp\/v2\/comments?post=49296"}],"wp:featuredmedia":[{"embeddable":true,"href":"https:\/\/publimag.es\/en\/wp-json\/wp\/v2\/media\/49297"}],"wp:attachment":[{"href":"https:\/\/publimag.es\/en\/wp-json\/wp\/v2\/media?parent=49296"}],"wp:term":[{"taxonomy":"product_brand","embeddable":true,"href":"https:\/\/publimag.es\/en\/wp-json\/wp\/v2\/product_brand?post=49296"},{"taxonomy":"product_cat","embeddable":true,"href":"https:\/\/publimag.es\/en\/wp-json\/wp\/v2\/product_cat?post=49296"},{"taxonomy":"product_tag","embeddable":true,"href":"https:\/\/publimag.es\/en\/wp-json\/wp\/v2\/product_tag?post=49296"}],"curies":[{"name":"wp","href":"https:\/\/api.w.org\/{rel}","templated":true}]}}