{"id":49350,"date":"2025-07-18T16:50:12","date_gmt":"2025-07-18T14:50:12","guid":{"rendered":"https:\/\/publimag.es\/producto\/icaria-woman\/"},"modified":"2025-07-18T16:50:47","modified_gmt":"2025-07-18T14:50:47","slug":"icaria-woman","status":"publish","type":"product","link":"https:\/\/publimag.es\/en\/product\/icaria-woman\/","title":{"rendered":"ICARIA WOMAN"},"content":{"rendered":"<p>Women&#039;s mid-thigh athletic leggings. Elastic waistband and interior crossover drawcord for easy adjustment. Reflective details. Exterior back zipper pocket.<br \/>\n<br \/>Composition: 88% polyester interlock \/ 12% elastane, 220 g\/m\u00b2.<br \/>Remarks: *Removable label.<br \/>\n*Technical fabric.<br \/>\n*Breathable model.<br \/>\n*Duo concept. <\/p>","protected":false},"excerpt":{"rendered":"<p>Malla deportiva de mujer a media pierna. Cinturilla el\u00e1stica y cord\u00f3n interior cruzado para facilitar el ajuste. Detalles reflectantes. Bolsillo exterior trasero con cremallera. Composici\u00f3n: 88% poli\u00e9ster interlock \/ 12% elastano, 220 g\/m\u00b2.Observaciones: *Etiqueta removible. *Tejido t\u00e9cnico. *Modelo transpirable. *D\u00fao concept.<\/p>","protected":false},"featured_media":49351,"comment_status":"open","ping_status":"closed","template":"","meta":[],"product_brand":[],"product_cat":[30,25],"product_tag":[],"class_list":{"0":"post-49350","1":"product","2":"type-product","3":"status-publish","4":"has-post-thumbnail","6":"product_cat-pd","7":"product_cat-sports","9":"first","10":"instock","11":"shipping-taxable","12":"purchasable","13":"product-type-variable"},"_links":{"self":[{"href":"https:\/\/publimag.es\/en\/wp-json\/wp\/v2\/product\/49350","targetHints":{"allow":["GET"]}}],"collection":[{"href":"https:\/\/publimag.es\/en\/wp-json\/wp\/v2\/product"}],"about":[{"href":"https:\/\/publimag.es\/en\/wp-json\/wp\/v2\/types\/product"}],"replies":[{"embeddable":true,"href":"https:\/\/publimag.es\/en\/wp-json\/wp\/v2\/comments?post=49350"}],"wp:featuredmedia":[{"embeddable":true,"href":"https:\/\/publimag.es\/en\/wp-json\/wp\/v2\/media\/49351"}],"wp:attachment":[{"href":"https:\/\/publimag.es\/en\/wp-json\/wp\/v2\/media?parent=49350"}],"wp:term":[{"taxonomy":"product_brand","embeddable":true,"href":"https:\/\/publimag.es\/en\/wp-json\/wp\/v2\/product_brand?post=49350"},{"taxonomy":"product_cat","embeddable":true,"href":"https:\/\/publimag.es\/en\/wp-json\/wp\/v2\/product_cat?post=49350"},{"taxonomy":"product_tag","embeddable":true,"href":"https:\/\/publimag.es\/en\/wp-json\/wp\/v2\/product_tag?post=49350"}],"curies":[{"name":"wp","href":"https:\/\/api.w.org\/{rel}","templated":true}]}}