{"id":49477,"date":"2025-07-18T16:53:39","date_gmt":"2025-07-18T14:53:39","guid":{"rendered":"https:\/\/publimag.es\/producto\/grajo\/"},"modified":"2025-07-18T16:54:18","modified_gmt":"2025-07-18T14:54:18","slug":"grajo","status":"publish","type":"product","link":"https:\/\/publimag.es\/en\/product\/grajo\/","title":{"rendered":"ROOK"},"content":{"rendered":"<p>Sports backpack with a rigid shoe compartment. Main compartment with zipper and double puller. Interior pocket with zippered lining. Padded back and handles. Plastic card holder for information. 35L capacity.<br \/>Composition: 100% Polyester, 900D, 420 g\/m\u00b2<\/p>","protected":false},"excerpt":{"rendered":"<p>Mochila deportiva con caj\u00f3n zapatillero r\u00edgido. Compartimento principal con cremallera y doble tirador. Bolsillo interior en tejido de forro con cremallera. Espalda y asas acolchadas. Tarjetero de pl\u00e1stico para informaci\u00f3n. Capacidad de 35L.Composici\u00f3n: 100% Poliester, 900D, 420 g\/m\u00b2<\/p>","protected":false},"featured_media":49478,"comment_status":"open","ping_status":"closed","template":"","meta":[],"product_brand":[],"product_cat":[59,35,40],"product_tag":[],"class_list":{"0":"post-49477","1":"product","2":"type-product","3":"status-publish","4":"has-post-thumbnail","6":"product_cat-moc","7":"product_cat-novelty_roly","8":"product_cat-other_products","10":"first","11":"instock","12":"shipping-taxable","13":"purchasable","14":"product-type-variable"},"_links":{"self":[{"href":"https:\/\/publimag.es\/en\/wp-json\/wp\/v2\/product\/49477","targetHints":{"allow":["GET"]}}],"collection":[{"href":"https:\/\/publimag.es\/en\/wp-json\/wp\/v2\/product"}],"about":[{"href":"https:\/\/publimag.es\/en\/wp-json\/wp\/v2\/types\/product"}],"replies":[{"embeddable":true,"href":"https:\/\/publimag.es\/en\/wp-json\/wp\/v2\/comments?post=49477"}],"wp:featuredmedia":[{"embeddable":true,"href":"https:\/\/publimag.es\/en\/wp-json\/wp\/v2\/media\/49478"}],"wp:attachment":[{"href":"https:\/\/publimag.es\/en\/wp-json\/wp\/v2\/media?parent=49477"}],"wp:term":[{"taxonomy":"product_brand","embeddable":true,"href":"https:\/\/publimag.es\/en\/wp-json\/wp\/v2\/product_brand?post=49477"},{"taxonomy":"product_cat","embeddable":true,"href":"https:\/\/publimag.es\/en\/wp-json\/wp\/v2\/product_cat?post=49477"},{"taxonomy":"product_tag","embeddable":true,"href":"https:\/\/publimag.es\/en\/wp-json\/wp\/v2\/product_tag?post=49477"}],"curies":[{"name":"wp","href":"https:\/\/api.w.org\/{rel}","templated":true}]}}