{"id":49532,"date":"2025-07-18T16:55:31","date_gmt":"2025-07-18T14:55:31","guid":{"rendered":"https:\/\/publimag.es\/producto\/serena\/"},"modified":"2025-07-18T16:56:13","modified_gmt":"2025-07-18T14:56:13","slug":"serena","status":"publish","type":"product","link":"https:\/\/publimag.es\/en\/product\/serena\/","title":{"rendered":"SERENA"},"content":{"rendered":"<p>Lightweight, stretchy women&#039;s technical skirt made from recycled polyester. Elastic waistband with drawstrings and an elastic band at the back. Inner shorts with a pocket on the left leg. Heat-sealed hem. Combined with micro-perforated fabric for improved breathability. Ideal for racquet sports.<br \/>Composition: Skirt: 90% recycled polyester \/ 10% elastane.<br \/>\nMesh: 84% recycled polyester \/ 16% elastane.<br \/>\n 100 g\/m\u00b2.<br \/>Remarks: *Removable label<br \/><img decoding=\"async\" src=\"https:\/\/static.gorfactory.es\/pics\/measures\/FA_MU.jpg\"><\/p>","protected":false},"excerpt":{"rendered":"<p>Falda t\u00e9cnica para mujer ligera y el\u00e1stica realizada en poli\u00e9ster reciclado. Cinturilla el\u00e1stica con cordones y banda el\u00e1stica en parte trasera. Malla corta interior con bolsillo en pierna izquierda. Bajo con dobladillo termosellado. Combinado con tejido microperforado para mejorar la transpiraci\u00f3n. Id\u00f3nea falda para practicar deportes de raqueta.Composici\u00f3n: Falda: 90% poli\u00e9ster reciclado \/ 10% elastano.&hellip;<\/p>","protected":false},"featured_media":49533,"comment_status":"open","ping_status":"closed","template":"","meta":[],"product_brand":[],"product_cat":[28,30,25],"product_tag":[],"class_list":{"0":"post-49532","1":"product","2":"type-product","3":"status-publish","4":"has-post-thumbnail","6":"product_cat-rolyeco","7":"product_cat-pd","8":"product_cat-sports","10":"first","11":"instock","12":"shipping-taxable","13":"purchasable","14":"product-type-variable"},"_links":{"self":[{"href":"https:\/\/publimag.es\/en\/wp-json\/wp\/v2\/product\/49532","targetHints":{"allow":["GET"]}}],"collection":[{"href":"https:\/\/publimag.es\/en\/wp-json\/wp\/v2\/product"}],"about":[{"href":"https:\/\/publimag.es\/en\/wp-json\/wp\/v2\/types\/product"}],"replies":[{"embeddable":true,"href":"https:\/\/publimag.es\/en\/wp-json\/wp\/v2\/comments?post=49532"}],"wp:featuredmedia":[{"embeddable":true,"href":"https:\/\/publimag.es\/en\/wp-json\/wp\/v2\/media\/49533"}],"wp:attachment":[{"href":"https:\/\/publimag.es\/en\/wp-json\/wp\/v2\/media?parent=49532"}],"wp:term":[{"taxonomy":"product_brand","embeddable":true,"href":"https:\/\/publimag.es\/en\/wp-json\/wp\/v2\/product_brand?post=49532"},{"taxonomy":"product_cat","embeddable":true,"href":"https:\/\/publimag.es\/en\/wp-json\/wp\/v2\/product_cat?post=49532"},{"taxonomy":"product_tag","embeddable":true,"href":"https:\/\/publimag.es\/en\/wp-json\/wp\/v2\/product_tag?post=49532"}],"curies":[{"name":"wp","href":"https:\/\/api.w.org\/{rel}","templated":true}]}}