{"id":49555,"date":"2025-07-18T16:56:14","date_gmt":"2025-07-18T14:56:14","guid":{"rendered":"https:\/\/publimag.es\/producto\/carla\/"},"modified":"2025-07-18T16:57:16","modified_gmt":"2025-07-18T14:57:16","slug":"carla","status":"publish","type":"product","link":"https:\/\/publimag.es\/en\/product\/carla\/","title":{"rendered":"CARLA"},"content":{"rendered":"<p>Women&#039;s sports tights, mid-calf with side opening and elastic waist.<br \/>Composition: 94% cotton \/ 6% elastane, single jersey, 270 g\/m\u00b2.<br \/>\nGirls sizes, 210 g\/m\u00b2.<br \/>\nColor grey vigor\u00e9 58: 81% cotton \/ 13% viscose \/ 6% elastane.<br \/>Remarks: *Removable label.<br \/>\n*Available in children&#039;s sizes.<br \/><img decoding=\"async\" src=\"https:\/\/static.gorfactory.es\/pics\/measures\/PA0317.jpg\"><\/p>","protected":false},"excerpt":{"rendered":"<p>Malla deportiva mujer, media pierna con apertura lateral y cintura el\u00e1stica.Composici\u00f3n: 94% algod\u00f3n \/ 6% elastano, punto liso, 270 g\/m\u00b2. Tallas para ni\u00f1as, 210 g\/m\u00b2. Color gris vigor\u00e9 58: 81% algod\u00f3n \/ 13% viscosa \/ 6% elastano.Observaciones: *Etiqueta removible. *Disponible en tallas infantiles.<\/p>","protected":false},"featured_media":49556,"comment_status":"open","ping_status":"closed","template":"","meta":[],"product_brand":[],"product_cat":[30,25],"product_tag":[],"class_list":{"0":"post-49555","1":"product","2":"type-product","3":"status-publish","4":"has-post-thumbnail","6":"product_cat-pd","7":"product_cat-sports","9":"first","10":"instock","11":"shipping-taxable","12":"purchasable","13":"product-type-variable"},"_links":{"self":[{"href":"https:\/\/publimag.es\/en\/wp-json\/wp\/v2\/product\/49555","targetHints":{"allow":["GET"]}}],"collection":[{"href":"https:\/\/publimag.es\/en\/wp-json\/wp\/v2\/product"}],"about":[{"href":"https:\/\/publimag.es\/en\/wp-json\/wp\/v2\/types\/product"}],"replies":[{"embeddable":true,"href":"https:\/\/publimag.es\/en\/wp-json\/wp\/v2\/comments?post=49555"}],"wp:featuredmedia":[{"embeddable":true,"href":"https:\/\/publimag.es\/en\/wp-json\/wp\/v2\/media\/49556"}],"wp:attachment":[{"href":"https:\/\/publimag.es\/en\/wp-json\/wp\/v2\/media?parent=49555"}],"wp:term":[{"taxonomy":"product_brand","embeddable":true,"href":"https:\/\/publimag.es\/en\/wp-json\/wp\/v2\/product_brand?post=49555"},{"taxonomy":"product_cat","embeddable":true,"href":"https:\/\/publimag.es\/en\/wp-json\/wp\/v2\/product_cat?post=49555"},{"taxonomy":"product_tag","embeddable":true,"href":"https:\/\/publimag.es\/en\/wp-json\/wp\/v2\/product_tag?post=49555"}],"curies":[{"name":"wp","href":"https:\/\/api.w.org\/{rel}","templated":true}]}}