{"id":49602,"date":"2025-07-18T16:57:17","date_gmt":"2025-07-18T14:57:17","guid":{"rendered":"https:\/\/publimag.es\/producto\/nelly\/"},"modified":"2025-07-18T16:57:49","modified_gmt":"2025-07-18T14:57:49","slug":"nelly","status":"publish","type":"product","link":"https:\/\/publimag.es\/en\/product\/nelly\/","title":{"rendered":"NELLY"},"content":{"rendered":"<p>Shorts with elastic waistband.<br \/>Composition: 100% cotton, single jersey, 210 g\/m\u00b2.<br \/>Remarks: *Removable label.<br \/>\n*Available in children&#039;s sizes. <br \/><img decoding=\"async\" src=\"https:\/\/static.gorfactory.es\/pics\/measures\/PA0322.jpg\"><\/p>","protected":false},"excerpt":{"rendered":"<p>Pantal\u00f3n corto con cinturilla el\u00e1stica.Composici\u00f3n: 100% algod\u00f3n, punto liso, 210 g\/m\u00b2.Observaciones: *Etiqueta removible. *Disponible en tallas infantiles.<\/p>","protected":false},"featured_media":49603,"comment_status":"open","ping_status":"closed","template":"","meta":[],"product_brand":[],"product_cat":[30,25],"product_tag":[],"class_list":{"0":"post-49602","1":"product","2":"type-product","3":"status-publish","4":"has-post-thumbnail","6":"product_cat-pd","7":"product_cat-sports","9":"first","10":"instock","11":"shipping-taxable","12":"purchasable","13":"product-type-variable"},"_links":{"self":[{"href":"https:\/\/publimag.es\/en\/wp-json\/wp\/v2\/product\/49602","targetHints":{"allow":["GET"]}}],"collection":[{"href":"https:\/\/publimag.es\/en\/wp-json\/wp\/v2\/product"}],"about":[{"href":"https:\/\/publimag.es\/en\/wp-json\/wp\/v2\/types\/product"}],"replies":[{"embeddable":true,"href":"https:\/\/publimag.es\/en\/wp-json\/wp\/v2\/comments?post=49602"}],"wp:featuredmedia":[{"embeddable":true,"href":"https:\/\/publimag.es\/en\/wp-json\/wp\/v2\/media\/49603"}],"wp:attachment":[{"href":"https:\/\/publimag.es\/en\/wp-json\/wp\/v2\/media?parent=49602"}],"wp:term":[{"taxonomy":"product_brand","embeddable":true,"href":"https:\/\/publimag.es\/en\/wp-json\/wp\/v2\/product_brand?post=49602"},{"taxonomy":"product_cat","embeddable":true,"href":"https:\/\/publimag.es\/en\/wp-json\/wp\/v2\/product_cat?post=49602"},{"taxonomy":"product_tag","embeddable":true,"href":"https:\/\/publimag.es\/en\/wp-json\/wp\/v2\/product_tag?post=49602"}],"curies":[{"name":"wp","href":"https:\/\/api.w.org\/{rel}","templated":true}]}}