{"id":49622,"date":"2025-07-18T16:57:50","date_gmt":"2025-07-18T14:57:50","guid":{"rendered":"https:\/\/publimag.es\/producto\/rodas\/"},"modified":"2025-07-18T16:58:29","modified_gmt":"2025-07-18T14:58:29","slug":"rodas","status":"publish","type":"product","link":"https:\/\/publimag.es\/en\/product\/rodas\/","title":{"rendered":"RHODES"},"content":{"rendered":"<p>Long jogging pants with an elastic waistband and adjustable drawstring. Zippered side pockets. Contrasting white trim. Ribbed cuffs at the hem. Can be combined with a LEROS jacket.<br \/>Composition: 100% Polyester, brushed interlock, 240 g\/m\u00b2<br \/>Observations: * Pack pieces<br \/>\n* Stretch<br \/>\n* Removable label<br \/><img decoding=\"async\" src=\"https:\/\/static.gorfactory.es\/pics\/measures\/CH_HO.jpg\"><\/p>","protected":false},"excerpt":{"rendered":"<p>Pantal\u00f3n largo de deporte con cinturilla el\u00e1stica y cord\u00f3n ajustable. Bolsillos laterales con cremallera. Bandas a contraste Blanco. Bajos con pu\u00f1o rib 1&#215;1. Combinable con chaqueta LEROS.Composici\u00f3n: 100% Poliester, interlock perchado, 240 g\/m\u00b2Observaciones: * Pack piezas * Stretch * Etiqueta removible<\/p>","protected":false},"featured_media":49623,"comment_status":"open","ping_status":"closed","template":"","meta":[],"product_brand":[],"product_cat":[33,35,25],"product_tag":[],"class_list":{"0":"post-49622","1":"product","2":"type-product","3":"status-publish","4":"has-post-thumbnail","6":"product_cat-chnd","7":"product_cat-novelty_roly","8":"product_cat-sports","10":"first","11":"instock","12":"shipping-taxable","13":"purchasable","14":"product-type-variable"},"_links":{"self":[{"href":"https:\/\/publimag.es\/en\/wp-json\/wp\/v2\/product\/49622","targetHints":{"allow":["GET"]}}],"collection":[{"href":"https:\/\/publimag.es\/en\/wp-json\/wp\/v2\/product"}],"about":[{"href":"https:\/\/publimag.es\/en\/wp-json\/wp\/v2\/types\/product"}],"replies":[{"embeddable":true,"href":"https:\/\/publimag.es\/en\/wp-json\/wp\/v2\/comments?post=49622"}],"wp:featuredmedia":[{"embeddable":true,"href":"https:\/\/publimag.es\/en\/wp-json\/wp\/v2\/media\/49623"}],"wp:attachment":[{"href":"https:\/\/publimag.es\/en\/wp-json\/wp\/v2\/media?parent=49622"}],"wp:term":[{"taxonomy":"product_brand","embeddable":true,"href":"https:\/\/publimag.es\/en\/wp-json\/wp\/v2\/product_brand?post=49622"},{"taxonomy":"product_cat","embeddable":true,"href":"https:\/\/publimag.es\/en\/wp-json\/wp\/v2\/product_cat?post=49622"},{"taxonomy":"product_tag","embeddable":true,"href":"https:\/\/publimag.es\/en\/wp-json\/wp\/v2\/product_tag?post=49622"}],"curies":[{"name":"wp","href":"https:\/\/api.w.org\/{rel}","templated":true}]}}