{"id":49647,"date":"2025-07-18T16:58:29","date_gmt":"2025-07-18T14:58:29","guid":{"rendered":"https:\/\/publimag.es\/producto\/player\/"},"modified":"2025-07-18T16:58:58","modified_gmt":"2025-07-18T14:58:58","slug":"player","status":"publish","type":"product","link":"https:\/\/publimag.es\/en\/product\/player\/","title":{"rendered":"PLAYER"},"content":{"rendered":"<p>Pantal\u00f3n corto sin slip interior, con cinturilla el\u00e1stica ajustable con cord\u00f3n.<br \/>Composition: 100% polyester piqu\u00e9, 140 g\/m\u00b2.<br \/>Observaciones: *Tejido transpirable tipo piqu\u00e9, de f\u00e1cil lavado y secado.<br \/>\n*Removable label.<br \/>\n*Technical fabric.<br \/>\n*Available in children&#039;s sizes.<br \/><img decoding=\"async\" src=\"https:\/\/static.gorfactory.es\/pics\/measures\/BE_HO.jpg\"><\/p>","protected":false},"excerpt":{"rendered":"<p>Pantal\u00f3n corto sin slip interior, con cinturilla el\u00e1stica ajustable con cord\u00f3n.Composici\u00f3n: 100% poli\u00e9ster piqu\u00e9, 140 g\/m\u00b2.Observaciones: *Tejido transpirable tipo piqu\u00e9, de f\u00e1cil lavado y secado. *Etiqueta removible. *Tejido t\u00e9cnico. *Disponible en tallas infantiles.<\/p>","protected":false},"featured_media":49648,"comment_status":"open","ping_status":"closed","template":"","meta":[],"product_brand":[],"product_cat":[30,25],"product_tag":[],"class_list":{"0":"post-49647","1":"product","2":"type-product","3":"status-publish","4":"has-post-thumbnail","6":"product_cat-pd","7":"product_cat-sports","9":"first","10":"instock","11":"shipping-taxable","12":"product-type-variable"},"_links":{"self":[{"href":"https:\/\/publimag.es\/en\/wp-json\/wp\/v2\/product\/49647","targetHints":{"allow":["GET"]}}],"collection":[{"href":"https:\/\/publimag.es\/en\/wp-json\/wp\/v2\/product"}],"about":[{"href":"https:\/\/publimag.es\/en\/wp-json\/wp\/v2\/types\/product"}],"replies":[{"embeddable":true,"href":"https:\/\/publimag.es\/en\/wp-json\/wp\/v2\/comments?post=49647"}],"wp:featuredmedia":[{"embeddable":true,"href":"https:\/\/publimag.es\/en\/wp-json\/wp\/v2\/media\/49648"}],"wp:attachment":[{"href":"https:\/\/publimag.es\/en\/wp-json\/wp\/v2\/media?parent=49647"}],"wp:term":[{"taxonomy":"product_brand","embeddable":true,"href":"https:\/\/publimag.es\/en\/wp-json\/wp\/v2\/product_brand?post=49647"},{"taxonomy":"product_cat","embeddable":true,"href":"https:\/\/publimag.es\/en\/wp-json\/wp\/v2\/product_cat?post=49647"},{"taxonomy":"product_tag","embeddable":true,"href":"https:\/\/publimag.es\/en\/wp-json\/wp\/v2\/product_tag?post=49647"}],"curies":[{"name":"wp","href":"https:\/\/api.w.org\/{rel}","templated":true}]}}