{"id":49659,"date":"2025-07-18T17:02:47","date_gmt":"2025-07-18T15:02:47","guid":{"rendered":"https:\/\/publimag.es\/producto\/honey\/"},"modified":"2025-07-18T17:11:59","modified_gmt":"2025-07-18T15:11:59","slug":"honey","status":"publish","type":"product","link":"https:\/\/publimag.es\/en\/product\/honey\/","title":{"rendered":"HONEY"},"content":{"rendered":"<p>Short-sleeved plain-knit baby bodysuit. Round neckline and 1x1 ribbed hem. Snap-button closure at the crotch. Crossover shoulder opening.<br \/>Composition: 96% combed cotton \/ 4% elastane, single jersey, 175 g\/m\u00b2.<br \/>\n<br \/>Remarks: *Removable label.<\/p>","protected":false},"excerpt":{"rendered":"<p>Body de beb\u00e9 con manga corta de punto liso. Cuello redondo y bajo ribeteado en canal\u00e9 1&#215;1. Cierre con botones a presi\u00f3n en la entrepierna. Hombro de apertura cruzada.Composici\u00f3n: 96% algod\u00f3n peinado \/ 4% elastano, punto liso, 175 g\/m\u00b2. Observaciones: *Etiqueta removible.<\/p>","protected":false},"featured_media":49660,"comment_status":"open","ping_status":"closed","template":"","meta":[],"product_brand":[],"product_cat":[44,45,42],"product_tag":[],"class_list":{"0":"post-49659","1":"product","2":"type-product","3":"status-publish","4":"has-post-thumbnail","6":"product_cat-t_shirts","7":"product_cat-cam","8":"product_cat-cam_po","10":"first","11":"outofstock","12":"shipping-taxable","13":"product-type-variable"},"_links":{"self":[{"href":"https:\/\/publimag.es\/en\/wp-json\/wp\/v2\/product\/49659","targetHints":{"allow":["GET"]}}],"collection":[{"href":"https:\/\/publimag.es\/en\/wp-json\/wp\/v2\/product"}],"about":[{"href":"https:\/\/publimag.es\/en\/wp-json\/wp\/v2\/types\/product"}],"replies":[{"embeddable":true,"href":"https:\/\/publimag.es\/en\/wp-json\/wp\/v2\/comments?post=49659"}],"wp:featuredmedia":[{"embeddable":true,"href":"https:\/\/publimag.es\/en\/wp-json\/wp\/v2\/media\/49660"}],"wp:attachment":[{"href":"https:\/\/publimag.es\/en\/wp-json\/wp\/v2\/media?parent=49659"}],"wp:term":[{"taxonomy":"product_brand","embeddable":true,"href":"https:\/\/publimag.es\/en\/wp-json\/wp\/v2\/product_brand?post=49659"},{"taxonomy":"product_cat","embeddable":true,"href":"https:\/\/publimag.es\/en\/wp-json\/wp\/v2\/product_cat?post=49659"},{"taxonomy":"product_tag","embeddable":true,"href":"https:\/\/publimag.es\/en\/wp-json\/wp\/v2\/product_tag?post=49659"}],"curies":[{"name":"wp","href":"https:\/\/api.w.org\/{rel}","templated":true}]}}